{"id":8107,"date":"2022-05-26T12:45:39","date_gmt":"2022-05-26T12:45:39","guid":{"rendered":"https:\/\/properties.viking-realestate.com\/?page_id=8107"},"modified":"2022-05-26T12:51:24","modified_gmt":"2022-05-26T12:51:24","slug":"privacy-policy-2","status":"publish","type":"page","link":"https:\/\/viking-realestate.com\/sv\/sekretesspolicy-2\/","title":{"rendered":"Integritetspolicy"},"content":{"rendered":"<p><strong>IDENTIFIKATIONSDATA F\u00d6R WEBBPLATSENS \u00c4GARE<\/strong><\/p>\n<p><strong>\u00a0<\/strong><\/p>\n<p>I enlighet med informationsplikten forts\u00e4tter Viking Real Estate &amp;Consultants SL som \u00e4gare av webbplatsen att kommunicera identifieringsuppgifterna:<\/p>\n<p>F\u00f6retagsnamn: Viking Real Estate &amp; Consultants SL<\/p>\n<p>momsnummer: B76689603<\/p>\n<p>E-postadress: dpd @ viking-realestate.com<\/p>\n<p>Adress: CC Palm Beach, Local N\u00ba 19 Avda. Rafael Puig Lluvina \u2013 38660 \u2013 Arona<\/p>\n<p>Denna information \u00f6verensst\u00e4mmer med och reglerar anv\u00e4ndningsvillkoren, ansvarsbegr\u00e4nsningarna och de skyldigheter som anv\u00e4ndarna av webbsidan som publiceras under dom\u00e4nnamnet viking-realestate.com \u00e5tar sig och \u00e5tar sig att respektera.<\/p>\n<p>VILLKOR<\/p>\n<p>De allm\u00e4nna villkoren som fastst\u00e4lls h\u00e4ri reglerar anv\u00e4ndningen av denna webbplats. Anv\u00e4ndningen av webbplatsen tillskriver anv\u00e4ndarens tillst\u00e5nd till dess bes\u00f6kare och best\u00e4mmer uttryckligen dess fullst\u00e4ndiga och oreserverade godk\u00e4nnande av var och en av villkoren i detta juridiska meddelande. F\u00f6ljaktligen m\u00e5ste anv\u00e4ndaren noggrant l\u00e4sa igenom villkoren vid varje tillf\u00e4lle d\u00e5 han avser att anv\u00e4nda denna webbplats.<\/p>\n<p>Det \u00e4r ocks\u00e5 fastst\u00e4llt att villkoren kan \u00e4ndras helt eller delvis av Viking Real Estate &amp; Consultants SL, och s\u00e5dana \u00e4ndringar och implementering kommer att tr\u00e4da i kraft fr\u00e5n det \u00f6gonblick de publiceras eller infogas p\u00e5 denna sida. Anv\u00e4ndaren m\u00e5ste med j\u00e4mna mellanrum se det JURIDISKA MEDDELANDE ANV\u00c4NDNING AV WEBBPLATSEN.<\/p>\n<p>De meddelanden som inte passar temat p\u00e5 webbplatsen kan komma att raderas. Det \u00e4r helt f\u00f6rbjudet att publicera kampanjer och l\u00e4nkar till kommersiella erbjudanden, reklam, reklammaterial, kedjebrev eller n\u00e5gon direkt eller indirekt marknadsf\u00f6ringsaktivitet eller n\u00e5gon annan typ av kommentar som inte \u00f6verensst\u00e4mmer med den normala utvecklingen av teman p\u00e5 webbsidorna.<\/p>\n<p>Viking Real Estate &amp; Consultants SL f\u00f6rbeh\u00e5ller sig r\u00e4tten att ta bort och\/eller modifiera kommentarer som inneh\u00e5ller ol\u00e4mpligt spr\u00e5k, spam eller annat ol\u00e4mpligt beteende i ett civiliserat samh\u00e4lle. Kommentarerna m\u00e5ste begr\u00e4nsas till inl\u00e4gget, nyheterna, publiceringen etc., avst\u00e5 fr\u00e5n att anv\u00e4nda det f\u00f6r otill\u00e5tna \u00e4ndam\u00e5l eller effekter, olagligt, i strid med best\u00e4mmelserna i dessa allm\u00e4nna villkor, god tro och allm\u00e4n ordning, skadligt f\u00f6r tredje parts r\u00e4ttigheter och intressen ,eller som p\u00e5 n\u00e5got s\u00e4tt kan vara st\u00f6tande i vid bem\u00e4rkelse, kr\u00e4nkande, liten utbildning eller h\u00e4nsyn till resten av anv\u00e4ndarna, personangrepp, de som inte har n\u00e5gon relation till \u00e4mnet, reklam, spam och kort sagt alla de som bidra inte till att g\u00f6ra webbsidan till vad den avser: ett utrymme f\u00f6r \u00e5sikter, nyheter, information, fri och v\u00e4nlig kommunikation.<\/p>\n<p>Anv\u00e4ndaren f\u00f6rbinder sig att anv\u00e4nda inneh\u00e5llet p\u00e5 ett lagligt s\u00e4tt i allm\u00e4nhet och, i synnerhet, f\u00f6rbinder sig att avst\u00e5 fr\u00e5n;<\/p>\n<ul>\n<li>Anv\u00e4nd inneh\u00e5llet p\u00e5 ett s\u00e4tt, f\u00f6r \u00e4ndam\u00e5l eller effekter som strider mot lag, moral och allm\u00e4nt accepterad god sed eller allm\u00e4n ordning.<\/li>\n<li>Reproducera eller kopiera, distribuera, transformera eller modifiera inneh\u00e5llet.<\/li>\n<li>Anv\u00e4nd inneh\u00e5llet f\u00f6r ekonomiska syften, direktf\u00f6rs\u00e4ljning eller med n\u00e5gon annan form av kommersiellt syfte, o\u00f6nskade meddelanden riktade till ett flertal personer oavsett deras syfte, samt f\u00f6r att avst\u00e5 fr\u00e5n att marknadsf\u00f6ra eller p\u00e5 n\u00e5got s\u00e4tt avsl\u00f6ja n\u00e4mnda information.<\/li>\n<li>L\u00e4gg upp allt inneh\u00e5ll som \u00e4r hotfullt, \u00e4rekr\u00e4nkande, \u00e4rekr\u00e4nkande, obscent, pornografiskt eller p\u00e5 annat s\u00e4tt bryter mot lagen.<\/li>\n<\/ul>\n<p>Anv\u00e4ndare b\u00f6r alltid komma ih\u00e5g att inneh\u00e5llet som publiceras p\u00e5 denna webbplats \u00e4r offentligt och kan ses av alla dina f\u00f6ljare.<\/p>\n<p>Viking Real Estate &amp; Consultants SL ansvarar inte f\u00f6r inneh\u00e5llet som publiceras av anv\u00e4ndare. Det ansvarar inte heller f\u00f6r eventuella skador som kan orsakas av anv\u00e4ndningen av den information som tillhandah\u00e5lls genom tj\u00e4nsten. P\u00e5 samma s\u00e4tt garanterar det inte riktigheten och\/eller sanningshalten f\u00f6r hela eller delar av informationen p\u00e5 webbplatsen, inte heller dess uppdatering, eller att n\u00e4mnda information inte har \u00e4ndrats eller modifierats helt eller delvis efter att ha inkluderats i webbplats.<\/p>\n<p>Det \u00e4r inte heller ansvarigt f\u00f6r informationen och inneh\u00e5llet som kan vara v\u00e4rd f\u00f6r l\u00e4nkarna som ing\u00e5r p\u00e5 webbplatsen av anv\u00e4ndare eller f\u00f6rekomsten av skadlig programvara eller liknande.<\/p>\n<p>Viking Real Estate &amp; Consultants SL ansvarar inte f\u00f6r skador av n\u00e5got slag som kan bero p\u00e5 f\u00f6rekomsten av skadlig programvara eller f\u00f6rekomsten av andra element i inneh\u00e5llet som kan orsaka f\u00f6r\u00e4ndringar i datorsystemet, program, elektroniska dokument eller filer i anv\u00e4ndare.<\/p>\n<p>Viking Real Estate &amp; Consultants SL garanterar inte tillg\u00e4ngligheten eller kontinuiteten i tj\u00e4nsten p\u00e5 webbplatsen, att kunna \u00e4ndra, avbryta eller eliminera den fr\u00e5n webben utan f\u00f6reg\u00e5ende meddelande, n\u00e4r som helst.<\/p>\n<p>Anv\u00e4ndaren kommer att h\u00e5lla Viking Real Estate &amp; Consultants SL ofarligt. mot alla anspr\u00e5k som kan framf\u00f6ras till dig f\u00f6r de meddelanden som anv\u00e4ndaren har spridit p\u00e5 webbsidorna eller f\u00f6r n\u00e5got annat beteende som \u00e4r l\u00e4nkat till eller h\u00e4rlett fr\u00e5n anv\u00e4ndarens anv\u00e4ndning av webbsidorna.<\/p>\n<p>Om en anv\u00e4ndare eller tredje part anser att n\u00e5gon kommentar som publiceras p\u00e5 webbplatsen eller n\u00e5gon av dess l\u00e4nkar \u00e4r olaglig, skulle vi uppskatta att den meddelas s\u00e5 snart som m\u00f6jligt till e-postadressen dpd @ viking-realestate.com s\u00e5 att Viking Real Estate &amp; Consultants SL g\u00e5 vidare till dess revidering och, om s\u00e5 \u00e4r l\u00e4mpligt, dess \u00e5terkallande.<\/p>","protected":false},"excerpt":{"rendered":"<p>IDENTIFICATION DATA OF THE OWNER OF THE WEBSITE \u00a0 In compliance with\u00a0 the\u00a0 duty\u00a0 of\u00a0 information, Viking Real Estate &amp;Consultants S.L. as the owner of the\u00a0 website,\u00a0\u00a0 proceeds\u00a0 to\u00a0 communicate\u00a0 the\u00a0 identification data: Company name: \u00a0\u00a0\u00a0\u00a0\u00a0\u00a0\u00a0\u00a0\u00a0\u00a0\u00a0\u00a0\u00a0\u00a0\u00a0\u00a0\u00a0\u00a0\u00a0\u00a0 Viking Real Estate &amp; Consultants S.L. VAT Nr: \u00a0\u00a0\u00a0\u00a0\u00a0\u00a0\u00a0\u00a0\u00a0\u00a0\u00a0\u00a0\u00a0\u00a0\u00a0\u00a0\u00a0\u00a0\u00a0\u00a0\u00a0\u00a0\u00a0\u00a0\u00a0\u00a0\u00a0\u00a0\u00a0\u00a0\u00a0\u00a0 B76689603 Email address :\u00a0 \u00a0\u00a0\u00a0\u00a0\u00a0\u00a0\u00a0\u00a0\u00a0\u00a0\u00a0\u00a0\u00a0\u00a0\u00a0\u00a0\u00a0\u00a0\u00a0\u00a0 dpd\u00a0 @ viking-realestate.com Address: \u00a0\u00a0\u00a0\u00a0\u00a0\u00a0\u00a0\u00a0\u00a0\u00a0\u00a0\u00a0\u00a0\u00a0\u00a0\u00a0\u00a0\u00a0\u00a0\u00a0\u00a0\u00a0\u00a0\u00a0\u00a0\u00a0\u00a0\u00a0\u00a0\u00a0\u00a0\u00a0&#8230;<\/p>","protected":false},"author":1,"featured_media":0,"parent":0,"menu_order":0,"comment_status":"closed","ping_status":"closed","template":"templates\/full-width.php","meta":{"footnotes":""},"_links":{"self":[{"href":"https:\/\/viking-realestate.com\/sv\/wp-json\/wp\/v2\/pages\/8107"}],"collection":[{"href":"https:\/\/viking-realestate.com\/sv\/wp-json\/wp\/v2\/pages"}],"about":[{"href":"https:\/\/viking-realestate.com\/sv\/wp-json\/wp\/v2\/types\/page"}],"author":[{"embeddable":true,"href":"https:\/\/viking-realestate.com\/sv\/wp-json\/wp\/v2\/users\/1"}],"replies":[{"embeddable":true,"href":"https:\/\/viking-realestate.com\/sv\/wp-json\/wp\/v2\/comments?post=8107"}],"version-history":[{"count":1,"href":"https:\/\/viking-realestate.com\/sv\/wp-json\/wp\/v2\/pages\/8107\/revisions"}],"predecessor-version":[{"id":8108,"href":"https:\/\/viking-realestate.com\/sv\/wp-json\/wp\/v2\/pages\/8107\/revisions\/8108"}],"wp:attachment":[{"href":"https:\/\/viking-realestate.com\/sv\/wp-json\/wp\/v2\/media?parent=8107"}],"curies":[{"name":"wp","href":"https:\/\/api.w.org\/{rel}","templated":true}]}}