{"id":11249,"date":"2022-11-13T15:06:37","date_gmt":"2022-11-13T15:06:37","guid":{"rendered":"https:\/\/properties.viking-realestate.com\/?page_id=11249"},"modified":"2022-11-21T13:04:16","modified_gmt":"2022-11-21T13:04:16","slug":"franchise-services","status":"publish","type":"page","link":"https:\/\/viking-realestate.com\/sv\/franchise-tjanster\/","title":{"rendered":"Franchisetj\u00e4nster"},"content":{"rendered":"<div data-elementor-type=\"wp-page\" data-elementor-id=\"11249\" class=\"elementor elementor-11249\">\n\t\t\t\t\t\t<section class=\"elementor-section elementor-top-section elementor-element elementor-element-99887e7 elementor-section-boxed elementor-section-height-default elementor-section-height-default\" data-id=\"99887e7\" data-element_type=\"section\">\n\t\t\t\t\t\t<div class=\"elementor-container elementor-column-gap-default\">\n\t\t\t\t\t<div class=\"elementor-column elementor-col-100 elementor-top-column elementor-element elementor-element-0ba25a7\" data-id=\"0ba25a7\" data-element_type=\"column\">\n\t\t\t<div class=\"elementor-widget-wrap elementor-element-populated\">\n\t\t\t\t\t\t<div class=\"elementor-element elementor-element-fcb3fb3 elementor-widget elementor-widget-heading\" data-id=\"fcb3fb3\" data-element_type=\"widget\" data-widget_type=\"heading.default\">\n\t\t\t\t<div class=\"elementor-widget-container\">\n\t\t\t<style>\/*! elementor - v3.23.0 - 05-08-2024 *\/\n.elementor-heading-title{padding:0;margin:0;line-height:1}.elementor-widget-heading .elementor-heading-title[class*=elementor-size-]>a{color:inherit;font-size:inherit;line-height:inherit}.elementor-widget-heading .elementor-heading-title.elementor-size-small{font-size:15px}.elementor-widget-heading .elementor-heading-title.elementor-size-medium{font-size:19px}.elementor-widget-heading .elementor-heading-title.elementor-size-large{font-size:29px}.elementor-widget-heading .elementor-heading-title.elementor-size-xl{font-size:39px}.elementor-widget-heading .elementor-heading-title.elementor-size-xxl{font-size:59px}<\/style><h2 class=\"elementor-heading-title elementor-size-default\">\u00c4r du fastighetsm\u00e4klare som vill \u00e4ga din<br> eget framg\u00e5ngsrikt internationellt fastighetsbolag?<\/h2>\t\t<\/div>\n\t\t\t\t<\/div>\n\t\t\t\t\t<\/div>\n\t\t<\/div>\n\t\t\t\t\t<\/div>\n\t\t<\/section>\n\t\t\t\t<section class=\"elementor-section elementor-top-section elementor-element elementor-element-f816261 elementor-section-boxed elementor-section-height-default elementor-section-height-default\" data-id=\"f816261\" data-element_type=\"section\">\n\t\t\t\t\t\t<div class=\"elementor-container elementor-column-gap-default\">\n\t\t\t\t\t<div class=\"elementor-column elementor-col-100 elementor-top-column elementor-element elementor-element-6bed9fe\" data-id=\"6bed9fe\" data-element_type=\"column\">\n\t\t\t<div class=\"elementor-widget-wrap elementor-element-populated\">\n\t\t\t\t\t\t<div class=\"elementor-element elementor-element-b431054 elementor-widget elementor-widget-text-editor\" data-id=\"b431054\" data-element_type=\"widget\" data-widget_type=\"text-editor.default\">\n\t\t\t\t<div class=\"elementor-widget-container\">\n\t\t\t<style>\/*! elementor - v3.23.0 - 05-08-2024 *\/\n.elementor-widget-text-editor.elementor-drop-cap-view-stacked .elementor-drop-cap{background-color:#69727d;color:#fff}.elementor-widget-text-editor.elementor-drop-cap-view-framed .elementor-drop-cap{color:#69727d;border:3px solid;background-color:transparent}.elementor-widget-text-editor:not(.elementor-drop-cap-view-default) .elementor-drop-cap{margin-top:8px}.elementor-widget-text-editor:not(.elementor-drop-cap-view-default) .elementor-drop-cap-letter{width:1em;height:1em}.elementor-widget-text-editor .elementor-drop-cap{float:left;text-align:center;line-height:1;font-size:50px}.elementor-widget-text-editor .elementor-drop-cap-letter{display:inline-block}<\/style>\t\t\t\t<p><span style=\"font-weight: inherit; color: var(--rh-global-color-text);\">N\u00e4tverket Viking Real Estate Global v\u00e4xer snabbt.&nbsp;<br><\/span><span style=\"color: var(--rh-global-color-text); font-weight: inherit;\">En Viking Real Estate franchise ger entrepren\u00f6rer m\u00f6jlighet att ing\u00e5 i ett internationellt n\u00e4tverk av kontor som s\u00e4ljer lokala och internationella bost\u00e4der och fastigheter.<\/span><\/p>\t\t\t\t\t\t<\/div>\n\t\t\t\t<\/div>\n\t\t\t\t<div class=\"elementor-element elementor-element-b926051 elementor-widget elementor-widget-text-editor\" data-id=\"b926051\" data-element_type=\"widget\" data-widget_type=\"text-editor.default\">\n\t\t\t\t<div class=\"elementor-widget-container\">\n\t\t\t\t\t\t\t<p><b style=\"color: var(--rh-global-color-text);\">En Viking Real Estate Franchise inkluderar:<\/b><\/p><ul><li>En professionell lyxwebbplats<\/li><li>Managementsystemet Viking Connect Real Estate<\/li><li>Full systemutbildning<\/li><li>F\u00f6rs\u00e4ljningstr\u00e4ning<\/li><li>Marknadsf\u00f6ringsplattform<\/li><li>Regelbundna tr\u00e4ningspass<\/li><li>Analys &amp; Business mentorskap<\/li><li>Internationella kunder<\/li><li><p>Tillg\u00e5ng till internationella k\u00f6pare<\/p><\/li><\/ul>\t\t\t\t\t\t<\/div>\n\t\t\t\t<\/div>\n\t\t\t\t<div class=\"elementor-element elementor-element-4b33da1 elementor-widget elementor-widget-text-editor\" data-id=\"4b33da1\" data-element_type=\"widget\" data-widget_type=\"text-editor.default\">\n\t\t\t\t<div class=\"elementor-widget-container\">\n\t\t\t\t\t\t\t<p><span style=\"font-size: 15px; line-height: inherit; font-weight: bold;\">F\u00f6r att f\u00e5 veta mer om att bli en&nbsp;<br><\/span><span style=\"font-size: 15px; font-weight: bold; color: var(--rh-global-color-text);\">Viking Real Estate Franchise\u00e4gare, fyll i formul\u00e4ret nedan:<\/span><\/p>\t\t\t\t\t\t<\/div>\n\t\t\t\t<\/div>\n\t\t\t\t<div class=\"elementor-element elementor-element-f57083a elementor-widget elementor-widget-text-editor\" data-id=\"f57083a\" data-element_type=\"widget\" data-widget_type=\"text-editor.default\">\n\t\t\t\t<div class=\"elementor-widget-container\">\n\t\t\t\t\t\t\t<iframe frameborder=\"0\" style=\"height:1050px;width:99%;border:none;\" src='https:\/\/forms.zohopublic.eu\/vikingrealestatesconsultantslu\/form\/Franchiseform\/formperma\/6edNS7TTfJngdKvCqdhVCjcFj3LpTvc2pE1JmYJnelY'><\/iframe>\t\t\t\t\t\t<\/div>\n\t\t\t\t<\/div>\n\t\t\t\t\t<\/div>\n\t\t<\/div>\n\t\t\t\t\t<\/div>\n\t\t<\/section>\n\t\t\t\t<\/div>","protected":false},"excerpt":{"rendered":"<p>Are you a Real Estate Professional looking to own your own successful international Real Estate Company? The Viking Real Estate Global network is growing rapidly.&nbsp;A Viking Real Estate franchise gives entrepreneurs the opportunity to be part of an international network of offices that sell local and international residential and Real Estate. A Viking Real Estate&#8230;<\/p>","protected":false},"author":1,"featured_media":0,"parent":0,"menu_order":0,"comment_status":"closed","ping_status":"closed","template":"","meta":{"footnotes":""},"_links":{"self":[{"href":"https:\/\/viking-realestate.com\/sv\/wp-json\/wp\/v2\/pages\/11249"}],"collection":[{"href":"https:\/\/viking-realestate.com\/sv\/wp-json\/wp\/v2\/pages"}],"about":[{"href":"https:\/\/viking-realestate.com\/sv\/wp-json\/wp\/v2\/types\/page"}],"author":[{"embeddable":true,"href":"https:\/\/viking-realestate.com\/sv\/wp-json\/wp\/v2\/users\/1"}],"replies":[{"embeddable":true,"href":"https:\/\/viking-realestate.com\/sv\/wp-json\/wp\/v2\/comments?post=11249"}],"version-history":[{"count":17,"href":"https:\/\/viking-realestate.com\/sv\/wp-json\/wp\/v2\/pages\/11249\/revisions"}],"predecessor-version":[{"id":11656,"href":"https:\/\/viking-realestate.com\/sv\/wp-json\/wp\/v2\/pages\/11249\/revisions\/11656"}],"wp:attachment":[{"href":"https:\/\/viking-realestate.com\/sv\/wp-json\/wp\/v2\/media?parent=11249"}],"curies":[{"name":"wp","href":"https:\/\/api.w.org\/{rel}","templated":true}]}}