{"id":11045,"date":"2022-11-12T13:03:14","date_gmt":"2022-11-12T13:03:14","guid":{"rendered":"https:\/\/properties.viking-realestate.com\/?page_id=11045"},"modified":"2022-11-12T13:03:55","modified_gmt":"2022-11-12T13:03:55","slug":"data-protection","status":"publish","type":"page","link":"https:\/\/viking-realestate.com\/sv\/dataskydd\/","title":{"rendered":"Dataskydd"},"content":{"rendered":"<p>Genom att markera rutan accepterar du dataskyddspolicyn. I enlighet med g\u00e4llande best\u00e4mmelser om skydd av personuppgifter informerar vi dig om att uppgifterna i formul\u00e4ret samt din e-postadress \u00e4r en del av Viking Groups databas, som best\u00e5r av de f\u00f6retag som anges i: https:\/\/vikinggroup .avisolegal.info\/100_grupo.html<\/p>\n<p>Syftet \u00e4r f\u00f6r intern, professionell och kommersiell ledning och dess lojalitet, samt att svara p\u00e5 den\/de fr\u00e5gor som st\u00e4lls. P\u00e5 samma s\u00e4tt kommer ditt e-postkonto att lagras f\u00f6r att skicka information om v\u00e5r aktivitet.<\/p>\n<p>Ditt e-postkonto kommer att beh\u00e5llas p\u00e5 obest\u00e4md tid s\u00e5 l\u00e4nge du inte beg\u00e4r att det raderas.<\/p>\n<p>If you do not wish to receive further information about our products or services, you can unsubscribe at the following email address dpd@viking-realestate.com, indicating in the subject \u201cunsubscribe\u201d or \u201cdo not send mail\u201d, or by following the instructions at the bottom of the email received or in the format received.<\/p>\n<p>Du kan konsultera ytterligare och detaljerad information om dataskydd p\u00e5 v\u00e5r webbplats: <a href=\"http:\/\/vikinggroup.avisolegal.info\/\">http:\/\/vikinggroup.avisolegal.info\/<\/a><\/p>","protected":false},"excerpt":{"rendered":"<p>By checking the box, you are accepting the data protection policy. In compliance with current regulations on Personal Data Protection, we inform you that the data provided in the form as well as your email address, are part of the Viking Group database, which is made up of the companies indicated in: https:\/\/vikinggroup.avisolegal.info\/100_grupo.html The purpose&#8230;<\/p>","protected":false},"author":1,"featured_media":0,"parent":0,"menu_order":0,"comment_status":"closed","ping_status":"closed","template":"","meta":{"footnotes":""},"_links":{"self":[{"href":"https:\/\/viking-realestate.com\/sv\/wp-json\/wp\/v2\/pages\/11045"}],"collection":[{"href":"https:\/\/viking-realestate.com\/sv\/wp-json\/wp\/v2\/pages"}],"about":[{"href":"https:\/\/viking-realestate.com\/sv\/wp-json\/wp\/v2\/types\/page"}],"author":[{"embeddable":true,"href":"https:\/\/viking-realestate.com\/sv\/wp-json\/wp\/v2\/users\/1"}],"replies":[{"embeddable":true,"href":"https:\/\/viking-realestate.com\/sv\/wp-json\/wp\/v2\/comments?post=11045"}],"version-history":[{"count":2,"href":"https:\/\/viking-realestate.com\/sv\/wp-json\/wp\/v2\/pages\/11045\/revisions"}],"predecessor-version":[{"id":11048,"href":"https:\/\/viking-realestate.com\/sv\/wp-json\/wp\/v2\/pages\/11045\/revisions\/11048"}],"wp:attachment":[{"href":"https:\/\/viking-realestate.com\/sv\/wp-json\/wp\/v2\/media?parent=11045"}],"curies":[{"name":"wp","href":"https:\/\/api.w.org\/{rel}","templated":true}]}}