{"id":8107,"date":"2022-05-26T12:45:39","date_gmt":"2022-05-26T12:45:39","guid":{"rendered":"https:\/\/properties.viking-realestate.com\/?page_id=8107"},"modified":"2022-05-26T12:51:24","modified_gmt":"2022-05-26T12:51:24","slug":"privacy-policy-2","status":"publish","type":"page","link":"https:\/\/viking-realestate.com\/nb\/personvernerklaering-2\/","title":{"rendered":"Personvernerkl\u00e6ring"},"content":{"rendered":"<p><strong>IDENTIFIKASJONSDATA TIL EIEREN AV NETTSIDEN<\/strong><\/p>\n<p><strong>\u00a0<\/strong><\/p>\n<p>I samsvar med informasjonsplikten fortsetter Viking Real Estate &amp;Consultants SL som eier av nettsiden med \u00e5 formidle identifikasjonsdataene:<\/p>\n<p>Firmanavn: Viking Real Estate &amp; Consultants SL<\/p>\n<p>MVA Nr: B76689603<\/p>\n<p>E-postadresse: dpd @ viking-realestate.com<\/p>\n<p>Adresse: CC Palm Beach, Local N\u00ba 19 Avda. Rafael Puig Lluvina \u2013 38660 \u2013 Arona<\/p>\n<p>Denne informasjonen samsvarer med og regulerer bruksvilk\u00e5rene, ansvarsbegrensningene og forpliktelsene som brukerne av nettsiden som er publisert under domenenavnet viking-realestate.com p\u00e5tar seg og forplikter seg til \u00e5 respektere.<\/p>\n<p>VILK\u00c5R OG BETINGELSER<\/p>\n<p>De generelle vilk\u00e5rene og betingelsene som er etablert her regulerer bruken av denne nettsiden. Bruken av nettstedet tilskriver brukerens tilstand til den bes\u00f8kende, og bestemmer uttrykkelig dens fulle og uforbeholdne aksept av hver og en av vilk\u00e5rene i denne juridiske merknaden. F\u00f8lgelig m\u00e5 brukeren lese vilk\u00e5rene og betingelsene n\u00f8ye ved hver av anledningene han har til hensikt \u00e5 bruke denne nettsiden.<\/p>\n<p>Det er ogs\u00e5 fastsl\u00e5tt at vilk\u00e5rene og betingelsene kan endres helt eller delvis av Viking Real Estate &amp; Consultants SL, og slike endringer og implementering vil v\u00e6re effektive fra det \u00f8yeblikket de publiseres eller settes inn p\u00e5 denne siden. Brukeren m\u00e5 med jevne mellomrom se JURIDISK MERKNAD BRUK AV NETTSTEDET.<\/p>\n<p>De meldingene som ikke passer til temaet p\u00e5 nettstedet kan bli slettet. Det er totalt forbudt \u00e5 publisere kampanjer og lenker til kommersielle tilbud, reklame, reklamemateriell, kjedebrev eller noen direkte eller indirekte reklameaktivitet eller andre typer kommentarer som ikke er i samsvar med den normale utviklingen av temaene p\u00e5 nettsidene.<\/p>\n<p>Viking Real Estate &amp; Consultants SL forbeholder seg retten til \u00e5 fjerne og\/eller endre kommentarer som inneholder upassende spr\u00e5k, spam eller annen upassende oppf\u00f8rsel i et sivilisert samfunn. Kommentarene m\u00e5 begrenses til innlegget, nyheter, publisering, etc., avst\u00e5 fra bruk til ulovlige form\u00e5l eller effekter, ulovlig, i strid med bestemmelsene i disse generelle betingelsene, god tro og offentlig orden, skadelig for rettighetene og interessene til tredjeparter ,eller som p\u00e5 noen m\u00e5te kan v\u00e6re st\u00f8tende i vid forstand, forn\u00e6rmende, lite oppl\u00e6ring eller hensyn til resten av brukerne, personangrep, de som ikke har noe forhold til emnet, reklame, spam og kort sagt alle de som ikke bidra til \u00e5 gj\u00f8re nettsiden til det den har til hensikt: et rom for meninger, nyheter, informasjon, fri og vennlig kommunikasjon.<\/p>\n<p>Brukeren forplikter seg til \u00e5 bruke innholdet p\u00e5 en lovlig m\u00e5te generelt og, spesielt, forplikter seg til \u00e5 avst\u00e5 fra;<\/p>\n<ul>\n<li>Bruk innholdet p\u00e5 en m\u00e5te, til form\u00e5l eller virkninger som er i strid med lov, moral og allment akseptert god skikk eller offentlig orden.<\/li>\n<li>Reprodusere eller kopiere, distribuere, transformere eller modifisere innholdet.<\/li>\n<li>Bruk innholdet til \u00f8konomiske form\u00e5l, direktesalg eller med andre kommersielle form\u00e5l, u\u00f8nskede meldinger adressert til flere personer uavhengig av deres form\u00e5l, samt for \u00e5 avst\u00e5 fra \u00e5 markedsf\u00f8re eller avsl\u00f8re nevnte informasjon p\u00e5 noen m\u00e5te.<\/li>\n<li>Legg ut innhold som er truende, injurierende, injurierende, uanstendig, pornografisk eller p\u00e5 annen m\u00e5te er i strid med loven.<\/li>\n<\/ul>\n<p>Brukere b\u00f8r alltid huske p\u00e5 at innholdet som publiseres p\u00e5 denne nettsiden er offentlig og kan sees av alle dine f\u00f8lgere.<\/p>\n<p>Viking Real Estate &amp; Consultants SL vil ikke v\u00e6re ansvarlig for innhold publisert av brukere. Den er heller ikke ansvarlig for eventuelle skader som kan oppst\u00e5 ved bruk av informasjonen som gis gjennom tjenesten. P\u00e5 samme m\u00e5te garanterer den ikke n\u00f8yaktigheten og\/eller sannheten til hele eller deler av informasjonen p\u00e5 nettstedet, heller ikke oppdateringen, eller at nevnte informasjon ikke har blitt endret eller modifisert helt eller delvis etter \u00e5 ha blitt inkludert i nettstedet.<\/p>\n<p>Det er heller ikke ansvarlig for informasjonen og innholdet som kan v\u00e6re vert for lenkene som er inkludert p\u00e5 nettstedet av brukere eller eksistensen av skadelig programvare eller lignende.<\/p>\n<p>Viking Real Estate &amp; Consultants SL er ikke ansvarlig for skader av noe slag som kan skyldes tilstedev\u00e6relsen av skadelig programvare eller tilstedev\u00e6relsen av andre elementer i innholdet som kan for\u00e5rsake endringer i datasystemet, programmer, elektroniske dokumenter eller filer i brukere.<\/p>\n<p>Viking Real Estate &amp; Consultants SL garanterer ikke tilgjengeligheten eller kontinuiteten til tjenesten til nettstedet, ved \u00e5 kunne endre, suspendere eller eliminere det fra nettet uten forvarsel, n\u00e5r som helst.<\/p>\n<p>Brukeren vil holde Viking Real Estate &amp; Consultants SL ufarlig. mot ethvert krav som kan fremsettes for deg for meldingene som brukeren har spredt p\u00e5 nettsidene eller for annen oppf\u00f8rsel knyttet til eller avledet fra brukerens bruk av nettsidene.<\/p>\n<p>Hvis en bruker eller tredjepart mener at en kommentar publisert p\u00e5 nettstedet eller noen av dets lenker er ulovlige, setter vi pris p\u00e5 at de blir kommunisert s\u00e5 snart som mulig til e-postadressen dpd @ viking-realestate.com slik at Viking Real Estate &amp; Consultants SL g\u00e5 videre til revisjonen og, om n\u00f8dvendig, tilbaketrekkingen.<\/p>","protected":false},"excerpt":{"rendered":"<p>IDENTIFICATION DATA OF THE OWNER OF THE WEBSITE \u00a0 In compliance with\u00a0 the\u00a0 duty\u00a0 of\u00a0 information, Viking Real Estate &amp;Consultants S.L. as the owner of the\u00a0 website,\u00a0\u00a0 proceeds\u00a0 to\u00a0 communicate\u00a0 the\u00a0 identification data: Company name: \u00a0\u00a0\u00a0\u00a0\u00a0\u00a0\u00a0\u00a0\u00a0\u00a0\u00a0\u00a0\u00a0\u00a0\u00a0\u00a0\u00a0\u00a0\u00a0\u00a0 Viking Real Estate &amp; Consultants S.L. VAT Nr: \u00a0\u00a0\u00a0\u00a0\u00a0\u00a0\u00a0\u00a0\u00a0\u00a0\u00a0\u00a0\u00a0\u00a0\u00a0\u00a0\u00a0\u00a0\u00a0\u00a0\u00a0\u00a0\u00a0\u00a0\u00a0\u00a0\u00a0\u00a0\u00a0\u00a0\u00a0\u00a0 B76689603 Email address :\u00a0 \u00a0\u00a0\u00a0\u00a0\u00a0\u00a0\u00a0\u00a0\u00a0\u00a0\u00a0\u00a0\u00a0\u00a0\u00a0\u00a0\u00a0\u00a0\u00a0\u00a0 dpd\u00a0 @ viking-realestate.com Address: \u00a0\u00a0\u00a0\u00a0\u00a0\u00a0\u00a0\u00a0\u00a0\u00a0\u00a0\u00a0\u00a0\u00a0\u00a0\u00a0\u00a0\u00a0\u00a0\u00a0\u00a0\u00a0\u00a0\u00a0\u00a0\u00a0\u00a0\u00a0\u00a0\u00a0\u00a0\u00a0&#8230;<\/p>","protected":false},"author":1,"featured_media":0,"parent":0,"menu_order":0,"comment_status":"closed","ping_status":"closed","template":"templates\/full-width.php","meta":{"footnotes":""},"_links":{"self":[{"href":"https:\/\/viking-realestate.com\/nb\/wp-json\/wp\/v2\/pages\/8107"}],"collection":[{"href":"https:\/\/viking-realestate.com\/nb\/wp-json\/wp\/v2\/pages"}],"about":[{"href":"https:\/\/viking-realestate.com\/nb\/wp-json\/wp\/v2\/types\/page"}],"author":[{"embeddable":true,"href":"https:\/\/viking-realestate.com\/nb\/wp-json\/wp\/v2\/users\/1"}],"replies":[{"embeddable":true,"href":"https:\/\/viking-realestate.com\/nb\/wp-json\/wp\/v2\/comments?post=8107"}],"version-history":[{"count":1,"href":"https:\/\/viking-realestate.com\/nb\/wp-json\/wp\/v2\/pages\/8107\/revisions"}],"predecessor-version":[{"id":8108,"href":"https:\/\/viking-realestate.com\/nb\/wp-json\/wp\/v2\/pages\/8107\/revisions\/8108"}],"wp:attachment":[{"href":"https:\/\/viking-realestate.com\/nb\/wp-json\/wp\/v2\/media?parent=8107"}],"curies":[{"name":"wp","href":"https:\/\/api.w.org\/{rel}","templated":true}]}}