{"id":11049,"date":"2022-11-12T13:19:13","date_gmt":"2022-11-12T13:19:13","guid":{"rendered":"https:\/\/properties.viking-realestate.com\/?page_id=11049"},"modified":"2022-11-12T13:19:13","modified_gmt":"2022-11-12T13:19:13","slug":"privacy-policy-3","status":"publish","type":"page","link":"https:\/\/viking-realestate.com\/nb\/personvernerklaering-3\/","title":{"rendered":"Personvernerkl\u00e6ring"},"content":{"rendered":"<p>IDENTIFIKASJONSDATA TIL EIEREN AV NETTSIDEN<\/p>\n<p>I samsvar med informasjonsplikten fortsetter Viking Real Estate som eier av nettsiden med \u00e5 formidle identifikasjonsdataene:<\/p>\n<p>Firmanavn: Viking Real Estate<\/p>\n<p>MVA Nr: B76689603<\/p>\n<p>E-postadresse: dpd @ viking-realestate.com<\/p>\n<p>Adresse: CC Palm Beach, Local N\u00ba 19 Avda. Rafael Puig Lluvina \u2013 38660 \u2013 Arona<\/p>\n<p>Denne informasjonen samsvarer med og regulerer bruksvilk\u00e5rene, ansvarsbegrensningene og forpliktelsene som brukerne av nettsiden som er publisert under domenenavnet viking-realestate.com p\u00e5tar seg og forplikter seg til \u00e5 respektere.<\/p>\n<p>VILK\u00c5R OG BETINGELSER<\/p>\n<p>De generelle vilk\u00e5rene og betingelsene som er etablert her regulerer bruken av denne nettsiden. Bruken av nettstedet tilskriver brukerens tilstand til den bes\u00f8kende, og bestemmer uttrykkelig dens fulle og uforbeholdne aksept av hver og en av vilk\u00e5rene i denne juridiske merknaden. F\u00f8lgelig m\u00e5 brukeren lese vilk\u00e5rene og betingelsene n\u00f8ye ved hver av anledningene han har til hensikt \u00e5 bruke denne nettsiden.<\/p>\n<p>Det er ogs\u00e5 fastsl\u00e5tt at vilk\u00e5rene og betingelsene kan endres helt eller delvis av Viking Eiendom, og slike endringer og implementering vil tre i kraft fra det \u00f8yeblikket de publiseres eller settes inn p\u00e5 denne siden. Brukeren m\u00e5 med jevne mellomrom se JURIDISK MERKNAD BRUK AV NETTSTEDET.<\/p>\n<p>De meldingene som ikke passer til temaet p\u00e5 nettstedet kan bli slettet. Det er totalt forbudt \u00e5 publisere kampanjer og lenker til kommersielle tilbud, reklame, reklamemateriell, kjedebrev eller noen direkte eller indirekte reklameaktivitet eller andre typer kommentarer som ikke er i samsvar med den normale utviklingen av temaene p\u00e5 nettsidene.<\/p>\n<p>Viking Real Estate forbeholder seg retten til \u00e5 fjerne og\/eller endre kommentarer som inneholder upassende spr\u00e5k, spam eller annen upassende oppf\u00f8rsel i et sivilisert samfunn. Kommentarene m\u00e5 begrenses til innlegget, nyheter, publisering, etc., avst\u00e5 fra bruk til ulovlige form\u00e5l eller virkninger, ulovlig, i strid med bestemmelsene i disse generelle vilk\u00e5rene, god tro og offentlig orden, skadelig for rettighetene og interessene til tredjeparter, eller som p\u00e5 noen m\u00e5te kan v\u00e6re st\u00f8tende i vid forstand, forn\u00e6rmende, lite oppl\u00e6ring eller hensyn til resten av brukerne, personangrep, de som ikke har noe forhold til emnet, reklame, spam og kort sagt alt de som ikke bidrar til \u00e5 gj\u00f8re nettsiden til det den har til hensikt: et rom for meninger, nyheter, informasjon, fri og vennlig kommunikasjon.<\/p>\n<p>Brukeren forplikter seg til \u00e5 bruke innholdet p\u00e5 en lovlig m\u00e5te generelt og, spesielt, forplikter seg til \u00e5 avst\u00e5 fra;<\/p>\n<p>Bruk innholdet p\u00e5 en m\u00e5te, til form\u00e5l eller virkninger som er i strid med lov, moral og allment akseptert god skikk eller offentlig orden.<br \/>\nReprodusere eller kopiere, distribuere, transformere eller modifisere innholdet.<br \/>\nBruk innholdet til \u00f8konomiske form\u00e5l, direktesalg eller med andre kommersielle form\u00e5l, u\u00f8nskede meldinger adressert til flere personer uavhengig av deres form\u00e5l, samt for \u00e5 avst\u00e5 fra \u00e5 markedsf\u00f8re eller avsl\u00f8re nevnte informasjon p\u00e5 noen m\u00e5te.<br \/>\nLegg ut innhold som er truende, injurierende, injurierende, uanstendig, pornografisk eller p\u00e5 annen m\u00e5te er i strid med loven.<br \/>\nBrukere b\u00f8r alltid huske p\u00e5 at innholdet som publiseres p\u00e5 denne nettsiden er offentlig og kan sees av alle dine f\u00f8lgere.<\/p>\n<p>Viking Real Estate vil ikke v\u00e6re ansvarlig for innhold publisert av brukere. Den er heller ikke ansvarlig for eventuelle skader som kan oppst\u00e5 ved bruk av informasjonen som gis gjennom tjenesten. P\u00e5 samme m\u00e5te garanterer den ikke n\u00f8yaktigheten og\/eller sannheten til hele eller deler av informasjonen p\u00e5 nettstedet, heller ikke oppdateringen, eller at nevnte informasjon ikke har blitt endret eller modifisert helt eller delvis etter \u00e5 ha blitt inkludert i nettstedet.<\/p>\n<p>Det er heller ikke ansvarlig for informasjonen og innholdet som kan v\u00e6re vert for lenkene som er inkludert p\u00e5 nettstedet av brukere eller eksistensen av skadelig programvare eller lignende.<\/p>\n<p>Viking Real Estate vil ikke v\u00e6re ansvarlig for skader av noe slag som kan skyldes tilstedev\u00e6relse av skadelig programvare eller tilstedev\u00e6relse av andre elementer i innholdet som kan for\u00e5rsake endringer i datasystemet, programmer, elektroniske dokumenter eller filer til brukerne.<\/p>\n<p>Viking Real Estate garanterer ikke tilgjengeligheten eller kontinuiteten til tjenesten til nettstedet, ved \u00e5 kunne endre, suspendere eller eliminere det fra nettet uten forvarsel, n\u00e5r som helst.<\/p>\n<p>Brukeren vil holde Viking Real Estate skadesl\u00f8s mot ethvert krav som kan fremsettes for deg for meldingene som brukeren har formidlet p\u00e5 nettsidene eller for annen oppf\u00f8rsel knyttet til eller avledet av brukerens bruk av nettsidene.<\/p>\n<p>Hvis en bruker eller tredjepart mener at en kommentar publisert p\u00e5 nettstedet eller noen av dets lenker er ulovlige, setter vi pris p\u00e5 at de blir kommunisert s\u00e5 snart som mulig til e-postadressen dpd @ viking-realestate.com slik at Viking Real Estate fortsetter til sin revisjon og eventuelt tilbaketrekking.<\/p>","protected":false},"excerpt":{"rendered":"<p>IDENTIFICATION DATA OF THE OWNER OF THE WEBSITE In compliance with the duty of information, Viking Real Estate as the owner of the website, proceeds to communicate the identification data: Company name: Viking Real Estate VAT Nr: B76689603 Email address : dpd @ viking-realestate.com Address: C.C. Palm Beach, Local N\u00ba 19 Avda. Rafael Puig Lluvina&#8230;<\/p>","protected":false},"author":1,"featured_media":0,"parent":0,"menu_order":0,"comment_status":"closed","ping_status":"closed","template":"","meta":{"footnotes":""},"_links":{"self":[{"href":"https:\/\/viking-realestate.com\/nb\/wp-json\/wp\/v2\/pages\/11049"}],"collection":[{"href":"https:\/\/viking-realestate.com\/nb\/wp-json\/wp\/v2\/pages"}],"about":[{"href":"https:\/\/viking-realestate.com\/nb\/wp-json\/wp\/v2\/types\/page"}],"author":[{"embeddable":true,"href":"https:\/\/viking-realestate.com\/nb\/wp-json\/wp\/v2\/users\/1"}],"replies":[{"embeddable":true,"href":"https:\/\/viking-realestate.com\/nb\/wp-json\/wp\/v2\/comments?post=11049"}],"version-history":[{"count":1,"href":"https:\/\/viking-realestate.com\/nb\/wp-json\/wp\/v2\/pages\/11049\/revisions"}],"predecessor-version":[{"id":11051,"href":"https:\/\/viking-realestate.com\/nb\/wp-json\/wp\/v2\/pages\/11049\/revisions\/11051"}],"wp:attachment":[{"href":"https:\/\/viking-realestate.com\/nb\/wp-json\/wp\/v2\/media?parent=11049"}],"curies":[{"name":"wp","href":"https:\/\/api.w.org\/{rel}","templated":true}]}}