{"id":8107,"date":"2022-05-26T12:45:39","date_gmt":"2022-05-26T12:45:39","guid":{"rendered":"https:\/\/properties.viking-realestate.com\/?page_id=8107"},"modified":"2022-05-26T12:51:24","modified_gmt":"2022-05-26T12:51:24","slug":"privacy-policy-2","status":"publish","type":"page","link":"https:\/\/viking-realestate.com\/it\/privacy-policy-2\/","title":{"rendered":"politica sulla riservatezza"},"content":{"rendered":"<p><strong>DATI IDENTIFICATIVI DEL PROPRIETARIO DEL SITO<\/strong><\/p>\n<p><strong>\u00a0<\/strong><\/p>\n<p>In ottemperanza all&#039;obbligo di informazione, Viking Real Estate &amp;Consulants SL in qualit\u00e0 di titolare del sito web, procede alla comunicazione dei dati identificativi:<\/p>\n<p>Nome dell&#039;azienda: Viking Real Estate &amp; Consultants SL<\/p>\n<p>Partita IVA: B76689603<\/p>\n<p>Indirizzo e-mail: dpd @ viking-realestate.com<\/p>\n<p>Indirizzo: CC Palm Beach, Local N\u00ba 19 Avda. Rafael Puig Lluvina \u2013 38660 \u2013 Arona<\/p>\n<p>Questa informativa \u00e8 conforme e regola le condizioni di utilizzo, le limitazioni di responsabilit\u00e0 e gli obblighi che gli utenti della pagina Web pubblicata con il nome di dominio viking-realestate.com si assumono e si impegnano a rispettare.<\/p>\n<p>TERMINI E CONDIZIONI<\/p>\n<p>I termini e le condizioni generali qui stabiliti regolano l&#039;uso di questo sito web. L&#039;utilizzo del sito attribuisce al visitatore la condizione di utente della pagina Web, e determina espressamente la sua piena e senza riserve l&#039;accettazione di ciascuno dei termini della presente nota legale stabiliti. Di conseguenza, l&#039;utente deve leggere attentamente i termini e le condizioni in ciascuna delle occasioni in cui intende utilizzare questo sito web.<\/p>\n<p>\u00c8 inoltre stabilito che i termini e le condizioni possono essere modificati in tutto o in parte da Viking Real Estate &amp; Consultants SL e tali modifiche e implementazioni saranno efficaci dal momento in cui vengono pubblicate o inserite in questo sito. L&#039;utente \u00e8 tenuto a prendere visione periodicamente dell&#039;AVVISO LEGALE UTILIZZO DEL SITO.<\/p>\n<p>I messaggi che non si adattano al tema del sito Web possono essere eliminati. \u00c8 assolutamente vietato pubblicare promozioni e collegamenti a offerte commerciali, pubblicit\u00e0, materiale promozionale, catene di Sant&#039;Antonio o qualsiasi attivit\u00e0 promozionale diretta o indiretta o qualsiasi altro tipo di commento non conforme al normale svolgimento dei temi delle pagine Web.<\/p>\n<p>Viking Real Estate &amp; Consultants SL si riserva il diritto di rimuovere e\/o modificare i commenti che contengono linguaggio inappropriato, spam o altra condotta inappropriata in una comunit\u00e0 civile. I commenti devono essere limitati al post, notizie, pubblicazioni, ecc., astenendosi dal loro utilizzo per fini o effetti illeciti, illeciti, contrari a quanto previsto dalle presenti condizioni generali, buona fede e ordine pubblico, lesivi dei diritti e degli interessi di terzi ,o che comunque possa risultare offensivo in senso lato, offensivo, scarsa educazione o considerazione con il resto degli utenti, attacchi personali, chi non ha alcuna relazione con l&#039;argomento, pubblicit\u00e0, spam e, in breve, tutti coloro che non contribuiscono a rendere la pagina Web ci\u00f2 che intende: uno spazio di opinione, notizie, informazioni, comunicazione libera e amichevole.<\/p>\n<p>L&#039;utente si impegna a utilizzare i contenuti in modo lecito in generale e, in particolare, si impegna ad astenersi;<\/p>\n<ul>\n<li>Utilizzare i contenuti in modo, per scopi o effetti contrari alla legge, al buon costume e alle buone consuetudini generalmente accettate o all&#039;ordine pubblico.<\/li>\n<li>Riprodurre o copiare, distribuire, trasformare o modificare i contenuti.<\/li>\n<li>Utilizzare i contenuti per scopi economici, di vendita diretta o con qualsiasi altro scopo commerciale, messaggi non richiesti rivolti a una pluralit\u00e0 di persone indipendentemente dallo scopo, nonch\u00e9 astenersi dal marketing o divulgare in qualsiasi modo dette informazioni.<\/li>\n<li>Pubblica qualsiasi contenuto minaccioso, diffamatorio, calunnioso, osceno, pornografico o comunque in violazione della legge.<\/li>\n<\/ul>\n<p>Gli utenti devono sempre tenere presente che i contenuti pubblicati su questo sito Web sono pubblici e possono essere visti da tutti i tuoi follower.<\/p>\n<p>Viking Real Estate &amp; Consultants SL non sar\u00e0 responsabile per i contenuti pubblicati dagli utenti. N\u00e9 \u00e8 responsabile per eventuali danni che possono essere causati dall&#039;uso delle informazioni fornite attraverso il servizio. Parimenti, non garantisce l&#039;accuratezza e\/o la veridicit\u00e0 di tutte o parte delle informazioni contenute nel sito, n\u00e9 il loro aggiornamento, n\u00e9 che dette informazioni non siano state alterate o modificate in tutto o in parte, dopo essere state incluse nel luogo.<\/p>\n<p>N\u00e9 \u00e8 responsabile delle informazioni, dei contenuti che possono ospitare i link inseriti nel sito dagli utenti o dell&#039;esistenza di malware o similari.<\/p>\n<p>Viking Real Estate &amp; Consultants SL non sar\u00e0 responsabile per danni di alcun tipo che possano essere dovuti alla presenza di malware o alla presenza di altri elementi nei contenuti che possano causare alterazioni nel sistema informatico, programmi, documenti elettronici o file del utenti.<\/p>\n<p>Viking Real Estate &amp; Consultants SL non garantisce la disponibilit\u00e0 o la continuit\u00e0 del servizio del sito web, potendo modificarlo, sospenderlo o eliminarlo dal web senza preavviso, in qualsiasi momento.<\/p>\n<p>L&#039;utente manterr\u00e0 indenne Viking Real Estate &amp; Consultants SL. contro qualsiasi pretesa che Le possa essere avanzata per i messaggi che l&#039;utente ha diffuso sulle pagine Web o per qualsiasi altro comportamento connesso o derivato dall&#039;utilizzo da parte dell&#039;utente delle pagine Web.<\/p>\n<p>Se un utente o una terza parte ritiene che qualsiasi commento pubblicato sul sito Web o uno qualsiasi dei suoi collegamenti sia illegale, apprezzeremmo che fosse comunicato il prima possibile all&#039;indirizzo e-mail dpd @ viking-realestate.com in modo che Viking Real Estate &amp; Consultants SL procedere alla sua revisione e, se del caso, al suo ritiro.<\/p>","protected":false},"excerpt":{"rendered":"<p>IDENTIFICATION DATA OF THE OWNER OF THE WEBSITE \u00a0 In compliance with\u00a0 the\u00a0 duty\u00a0 of\u00a0 information, Viking Real Estate &amp;Consultants S.L. as the owner of the\u00a0 website,\u00a0\u00a0 proceeds\u00a0 to\u00a0 communicate\u00a0 the\u00a0 identification data: Company name: \u00a0\u00a0\u00a0\u00a0\u00a0\u00a0\u00a0\u00a0\u00a0\u00a0\u00a0\u00a0\u00a0\u00a0\u00a0\u00a0\u00a0\u00a0\u00a0\u00a0 Viking Real Estate &amp; Consultants S.L. VAT Nr: \u00a0\u00a0\u00a0\u00a0\u00a0\u00a0\u00a0\u00a0\u00a0\u00a0\u00a0\u00a0\u00a0\u00a0\u00a0\u00a0\u00a0\u00a0\u00a0\u00a0\u00a0\u00a0\u00a0\u00a0\u00a0\u00a0\u00a0\u00a0\u00a0\u00a0\u00a0\u00a0 B76689603 Email address :\u00a0 \u00a0\u00a0\u00a0\u00a0\u00a0\u00a0\u00a0\u00a0\u00a0\u00a0\u00a0\u00a0\u00a0\u00a0\u00a0\u00a0\u00a0\u00a0\u00a0\u00a0 dpd\u00a0 @ viking-realestate.com Address: \u00a0\u00a0\u00a0\u00a0\u00a0\u00a0\u00a0\u00a0\u00a0\u00a0\u00a0\u00a0\u00a0\u00a0\u00a0\u00a0\u00a0\u00a0\u00a0\u00a0\u00a0\u00a0\u00a0\u00a0\u00a0\u00a0\u00a0\u00a0\u00a0\u00a0\u00a0\u00a0&#8230;<\/p>","protected":false},"author":1,"featured_media":0,"parent":0,"menu_order":0,"comment_status":"closed","ping_status":"closed","template":"templates\/full-width.php","meta":{"footnotes":""},"_links":{"self":[{"href":"https:\/\/viking-realestate.com\/it\/wp-json\/wp\/v2\/pages\/8107"}],"collection":[{"href":"https:\/\/viking-realestate.com\/it\/wp-json\/wp\/v2\/pages"}],"about":[{"href":"https:\/\/viking-realestate.com\/it\/wp-json\/wp\/v2\/types\/page"}],"author":[{"embeddable":true,"href":"https:\/\/viking-realestate.com\/it\/wp-json\/wp\/v2\/users\/1"}],"replies":[{"embeddable":true,"href":"https:\/\/viking-realestate.com\/it\/wp-json\/wp\/v2\/comments?post=8107"}],"version-history":[{"count":1,"href":"https:\/\/viking-realestate.com\/it\/wp-json\/wp\/v2\/pages\/8107\/revisions"}],"predecessor-version":[{"id":8108,"href":"https:\/\/viking-realestate.com\/it\/wp-json\/wp\/v2\/pages\/8107\/revisions\/8108"}],"wp:attachment":[{"href":"https:\/\/viking-realestate.com\/it\/wp-json\/wp\/v2\/media?parent=8107"}],"curies":[{"name":"wp","href":"https:\/\/api.w.org\/{rel}","templated":true}]}}