{"id":11049,"date":"2022-11-12T13:19:13","date_gmt":"2022-11-12T13:19:13","guid":{"rendered":"https:\/\/properties.viking-realestate.com\/?page_id=11049"},"modified":"2022-11-12T13:19:13","modified_gmt":"2022-11-12T13:19:13","slug":"privacy-policy-3","status":"publish","type":"page","link":"https:\/\/viking-realestate.com\/it\/privacy-policy-3\/","title":{"rendered":"politica sulla riservatezza"},"content":{"rendered":"<p>DATI IDENTIFICATIVI DEL PROPRIETARIO DEL SITO<\/p>\n<p>In ottemperanza all&#039;obbligo di informazione, Viking Real Estate in qualit\u00e0 di titolare del sito web, procede alla comunicazione dei dati identificativi:<\/p>\n<p>Nome della societ\u00e0: Viking Real Estate<\/p>\n<p>Partita IVA: B76689603<\/p>\n<p>Indirizzo e-mail: dpd@viking-realestate.com<\/p>\n<p>Indirizzo: CC Palm Beach, Local N\u00ba 19 Avda. Rafael Puig Lluvina \u2013 38660 \u2013 Arona<\/p>\n<p>La presente informativa \u00e8 conforme e regola le condizioni d&#039;uso, le limitazioni di responsabilit\u00e0 e gli obblighi che gli utenti della pagina Web pubblicata sotto il nome di dominio viking-realestate.com si assumono e si impegnano a rispettare.<\/p>\n<p>TERMINI E CONDIZIONI<\/p>\n<p>Le condizioni generali qui stabilite regolano l&#039;uso di questo sito web. L&#039;utilizzo del sito attribuisce al suo visitatore la condizione di utente della pagina Web e determina espressamente la sua piena e senza riserve l&#039;accettazione di tutti e di tutti i termini stabiliti in questo avviso legale. Di conseguenza, l&#039;utente deve leggere attentamente i termini e le condizioni in ciascuna delle occasioni in cui intende utilizzare questo sito web.<\/p>\n<p>Resta altres\u00ec stabilito che i termini e le condizioni potranno essere modificati in tutto o in parte da Viking Real Estate, e tali modifiche ed implementazioni saranno efficaci dal momento della loro pubblicazione o inserimento in questo sito. L&#039;utente deve visionare periodicamente le NOTE LEGALI UTILIZZO DEL SITO WEB.<\/p>\n<p>Quei messaggi che non si adattano al tema del sito Web possono essere eliminati. \u00c8 assolutamente vietato pubblicare promozioni e link di offerte commerciali, pubblicit\u00e0, materiale promozionale, catene di Sant&#039;Antonio o qualsiasi attivit\u00e0 promozionale diretta o indiretta o qualsiasi altro tipo di commento che non sia conforme al normale sviluppo dei temi delle pagine Web.<\/p>\n<p>Viking Real Estate si riserva il diritto di rimuovere e\/o modificare i commenti che contengono linguaggio inappropriato, spam o altri comportamenti inappropriati in una comunit\u00e0 civile. I commenti devono limitarsi al post, notizia, pubblicazione, ecc., astenendosi dal suo utilizzo per scopi o effetti illeciti, illegali, contrari a quanto previsto dalle presenti condizioni generali, buona fede e ordine pubblico, lesivi dei diritti e degli interessi di terze parti, o che in qualsiasi modo possano risultare offensivi in senso lato, ingiuriosi, scarsa educazione o considerazione con il resto degli utenti, attacchi personali, coloro che non hanno alcuna relazione con l&#039;argomento, pubblicit\u00e0, spam e, in breve, tutti coloro che non contribuiscono a rendere la pagina Web ci\u00f2 che intende: uno spazio di opinione, notizie, informazioni, comunicazione libera e amichevole.<\/p>\n<p>L&#039;utente si impegna a utilizzare i contenuti in modo lecito in generale e, in particolare, si impegna ad astenersi;<\/p>\n<p>Utilizzare i contenuti in modo, per scopi o effetti contrari alla legge, al buon costume e al buon costume generalmente accettato o all&#039;ordine pubblico.<br \/>\nRiprodurre o copiare, distribuire, trasformare o modificare i contenuti.<br \/>\nUtilizzare i contenuti per scopi economici, di vendita diretta o con qualsiasi altro scopo commerciale, messaggi non richiesti rivolti a una pluralit\u00e0 di persone indipendentemente dallo scopo, nonch\u00e9 astenersi dal marketing o divulgare in qualsiasi modo dette informazioni.<br \/>\nPubblica qualsiasi contenuto minaccioso, diffamatorio, calunnioso, osceno, pornografico o comunque in violazione della legge.<br \/>\nGli utenti devono sempre tenere presente che i contenuti pubblicati su questo sito Web sono pubblici e possono essere visualizzati da tutti i tuoi follower.<\/p>\n<p>Viking Real Estate non sar\u00e0 responsabile dei contenuti pubblicati dagli utenti. N\u00e9 \u00e8 responsabile per eventuali danni che possono essere causati dall&#039;uso delle informazioni fornite attraverso il servizio. Parimenti, non garantisce l&#039;esattezza e\/o la veridicit\u00e0 di tutte o parte delle informazioni contenute nel sito, n\u00e9 il loro aggiornamento, n\u00e9 che tali informazioni non siano state alterate o modificate in tutto o in parte, dopo essere state inserite nel luogo.<\/p>\n<p>N\u00e9 \u00e8 responsabile delle informazioni e dei contenuti che possono ospitare i collegamenti inseriti nel sito dagli utenti o dell&#039;esistenza di malware o simili.<\/p>\n<p>Viking Real Estate non sar\u00e0 responsabile per danni di qualsiasi tipo che potrebbero essere dovuti alla presenza di malware o alla presenza di altri elementi nei contenuti che possono causare alterazioni nel sistema informatico, nei programmi, nei documenti elettronici o nei file degli utenti.<\/p>\n<p>Viking Real Estate non garantisce la disponibilit\u00e0 o la continuit\u00e0 del servizio del sito Web, potendo modificarlo, sospenderlo o eliminarlo dal Web senza preavviso, in qualsiasi momento.<\/p>\n<p>L&#039;utente manterr\u00e0 Viking Real Estate indenne da qualsiasi pretesa che possa essergli presentata per i messaggi che l&#039;utente ha diffuso sulle pagine Web o per qualsiasi altra condotta collegata o derivata dall&#039;utilizzo da parte dell&#039;utente delle pagine Web.<\/p>\n<p>Se un utente o una terza parte ritiene che qualsiasi commento pubblicato sul sito Web o uno qualsiasi dei suoi collegamenti sia illegale, saremmo grati di comunicarlo il prima possibile all&#039;indirizzo e-mail dpd@viking-realestate.com in modo che Viking Real Estate proceda alla sua revisione e, se del caso, il suo ritiro.<\/p>","protected":false},"excerpt":{"rendered":"<p>IDENTIFICATION DATA OF THE OWNER OF THE WEBSITE In compliance with the duty of information, Viking Real Estate as the owner of the website, proceeds to communicate the identification data: Company name: Viking Real Estate VAT Nr: B76689603 Email address : dpd @ viking-realestate.com Address: C.C. Palm Beach, Local N\u00ba 19 Avda. Rafael Puig Lluvina&#8230;<\/p>","protected":false},"author":1,"featured_media":0,"parent":0,"menu_order":0,"comment_status":"closed","ping_status":"closed","template":"","meta":{"footnotes":""},"_links":{"self":[{"href":"https:\/\/viking-realestate.com\/it\/wp-json\/wp\/v2\/pages\/11049"}],"collection":[{"href":"https:\/\/viking-realestate.com\/it\/wp-json\/wp\/v2\/pages"}],"about":[{"href":"https:\/\/viking-realestate.com\/it\/wp-json\/wp\/v2\/types\/page"}],"author":[{"embeddable":true,"href":"https:\/\/viking-realestate.com\/it\/wp-json\/wp\/v2\/users\/1"}],"replies":[{"embeddable":true,"href":"https:\/\/viking-realestate.com\/it\/wp-json\/wp\/v2\/comments?post=11049"}],"version-history":[{"count":1,"href":"https:\/\/viking-realestate.com\/it\/wp-json\/wp\/v2\/pages\/11049\/revisions"}],"predecessor-version":[{"id":11051,"href":"https:\/\/viking-realestate.com\/it\/wp-json\/wp\/v2\/pages\/11049\/revisions\/11051"}],"wp:attachment":[{"href":"https:\/\/viking-realestate.com\/it\/wp-json\/wp\/v2\/media?parent=11049"}],"curies":[{"name":"wp","href":"https:\/\/api.w.org\/{rel}","templated":true}]}}