{"id":11045,"date":"2022-11-12T13:03:14","date_gmt":"2022-11-12T13:03:14","guid":{"rendered":"https:\/\/properties.viking-realestate.com\/?page_id=11045"},"modified":"2022-11-12T13:03:55","modified_gmt":"2022-11-12T13:03:55","slug":"data-protection","status":"publish","type":"page","link":"https:\/\/viking-realestate.com\/it\/protezione-dati\/","title":{"rendered":"Protezione dati"},"content":{"rendered":"<p>Selezionando la casella, accetti la politica di protezione dei dati. Nel rispetto della normativa vigente in materia di Protezione dei Dati Personali, ti informiamo che i dati forniti nel modulo, nonch\u00e9 il tuo indirizzo email, fanno parte del database del Gruppo Viking, composto dalle societ\u00e0 indicate in: https:\/\/vikinggroup .avisolegal.info\/100_grupo.html<\/p>\n<p>Lo scopo \u00e8 la gestione interna, professionale e commerciale e la sua fidelizzazione, nonch\u00e9 la risposta alle domande sollevate. Allo stesso modo, il tuo account e-mail verr\u00e0 archiviato per l&#039;invio di informazioni sulla nostra attivit\u00e0.<\/p>\n<p>Il tuo account e-mail verr\u00e0 mantenuto a tempo indeterminato finch\u00e9 non ne richiederai la cancellazione.<\/p>\n<p>If you do not wish to receive further information about our products or services, you can unsubscribe at the following email address dpd@viking-realestate.com, indicating in the subject \u201cunsubscribe\u201d or \u201cdo not send mail\u201d, or by following the instructions at the bottom of the email received or in the format received.<\/p>\n<p>\u00c8 possibile consultare informazioni aggiuntive e dettagliate sulla protezione dei dati sul nostro sito web: <a href=\"http:\/\/vikinggroup.avisolegal.info\/\">http:\/\/vikinggroup.avisolegal.info\/<\/a><\/p>","protected":false},"excerpt":{"rendered":"<p>By checking the box, you are accepting the data protection policy. In compliance with current regulations on Personal Data Protection, we inform you that the data provided in the form as well as your email address, are part of the Viking Group database, which is made up of the companies indicated in: https:\/\/vikinggroup.avisolegal.info\/100_grupo.html The purpose&#8230;<\/p>","protected":false},"author":1,"featured_media":0,"parent":0,"menu_order":0,"comment_status":"closed","ping_status":"closed","template":"","meta":{"footnotes":""},"_links":{"self":[{"href":"https:\/\/viking-realestate.com\/it\/wp-json\/wp\/v2\/pages\/11045"}],"collection":[{"href":"https:\/\/viking-realestate.com\/it\/wp-json\/wp\/v2\/pages"}],"about":[{"href":"https:\/\/viking-realestate.com\/it\/wp-json\/wp\/v2\/types\/page"}],"author":[{"embeddable":true,"href":"https:\/\/viking-realestate.com\/it\/wp-json\/wp\/v2\/users\/1"}],"replies":[{"embeddable":true,"href":"https:\/\/viking-realestate.com\/it\/wp-json\/wp\/v2\/comments?post=11045"}],"version-history":[{"count":2,"href":"https:\/\/viking-realestate.com\/it\/wp-json\/wp\/v2\/pages\/11045\/revisions"}],"predecessor-version":[{"id":11048,"href":"https:\/\/viking-realestate.com\/it\/wp-json\/wp\/v2\/pages\/11045\/revisions\/11048"}],"wp:attachment":[{"href":"https:\/\/viking-realestate.com\/it\/wp-json\/wp\/v2\/media?parent=11045"}],"curies":[{"name":"wp","href":"https:\/\/api.w.org\/{rel}","templated":true}]}}