{"id":8107,"date":"2022-05-26T12:45:39","date_gmt":"2022-05-26T12:45:39","guid":{"rendered":"https:\/\/properties.viking-realestate.com\/?page_id=8107"},"modified":"2022-05-26T12:51:24","modified_gmt":"2022-05-26T12:51:24","slug":"privacy-policy-2","status":"publish","type":"page","link":"https:\/\/viking-realestate.com\/fr\/politique-de-confidentialite-2\/","title":{"rendered":"Politique de confidentialit\u00e9"},"content":{"rendered":"<p><strong>DONN\u00c9ES D&#039;IDENTIFICATION DU PROPRI\u00c9TAIRE DU SITE WEB<\/strong><\/p>\n<p><strong>\u00a0<\/strong><\/p>\n<p>Conform\u00e9ment au devoir d&#039;information, Viking Real Estate &amp;Consultants SL, en tant que propri\u00e9taire du site Web, proc\u00e8de \u00e0 la communication des donn\u00e9es d&#039;identification\u00a0:<\/p>\n<p>Nom de la soci\u00e9t\u00e9 : Viking Real Estate &amp; Consultants SL<\/p>\n<p>Num\u00e9ro de TVA : B76689603<\/p>\n<p>Adresse e-mail : dpd@viking-realestate.com<\/p>\n<p>Adresse : CC Palm Beach, Local N\u00ba 19 Avda. Rafael Puig Lluvina \u2013 38660 \u2013 Arona<\/p>\n<p>Ces informations sont conformes et r\u00e9glementent les conditions d&#039;utilisation, les limitations de responsabilit\u00e9 et les obligations que les utilisateurs de la page Web publi\u00e9e sous le nom de domaine viking-realestate.com assument et s&#039;engagent \u00e0 respecter.<\/p>\n<p>TERMES ET CONDITIONS<\/p>\n<p>Les pr\u00e9sentes conditions g\u00e9n\u00e9rales r\u00e9gissent l&#039;utilisation de ce site Web. L&#039;utilisation du site attribue la condition d&#039;utilisateur de la page Web \u00e0 son visiteur, et d\u00e9termine express\u00e9ment son acceptation pleine et sans r\u00e9serve de chacun des termes de la pr\u00e9sente notice l\u00e9gale \u00e9tablie. Par cons\u00e9quent, l&#039;utilisateur doit lire attentivement les termes et conditions \u00e0 chacune des occasions dans lesquelles il a l&#039;intention d&#039;utiliser ce site Web.<\/p>\n<p>Il est \u00e9galement \u00e9tabli que les termes et conditions peuvent \u00eatre modifi\u00e9s en tout ou en partie par Viking Real Estate &amp; Consultants SL, et ces modifications et mises en \u0153uvre seront effectives \u00e0 partir du moment o\u00f9 elles seront publi\u00e9es ou ins\u00e9r\u00e9es sur ce site. L&#039;utilisateur doit consulter p\u00e9riodiquement les MENTIONS L\u00c9GALES D&#039;UTILISATION DU SITE WEB.<\/p>\n<p>Les messages qui ne correspondent pas au th\u00e8me du site Web peuvent \u00eatre supprim\u00e9s. Il est totalement interdit de publier des promotions et des liens d&#039;offres commerciales, de publicit\u00e9, de mat\u00e9riel promotionnel, de cha\u00eenes de lettres ou toute activit\u00e9 promotionnelle directe ou indirecte ou tout autre type de commentaire non conforme au d\u00e9veloppement normal des th\u00e8mes des pages Web.<\/p>\n<p>Viking Real Estate &amp; Consultants SL se r\u00e9serve le droit de supprimer et\/ou de modifier les commentaires contenant un langage inappropri\u00e9, du spam ou tout autre comportement inappropri\u00e9 dans une communaut\u00e9 civilis\u00e9e. Les commentaires doivent \u00eatre limit\u00e9s \u00e0 la publication, aux nouvelles, \u00e0 la publication, etc., en s&#039;abstenant de leur utilisation \u00e0 des fins ou effets illicites, ill\u00e9gaux, contraires aux dispositions des pr\u00e9sentes conditions g\u00e9n\u00e9rales, de bonne foi et \u00e0 l&#039;ordre public, pr\u00e9judiciables aux droits et int\u00e9r\u00eats de tiers. , ou qui de quelque mani\u00e8re que ce soit peut \u00eatre offensant au sens large, insultant, peu d&#039;\u00e9ducation ou de consid\u00e9ration avec le reste des utilisateurs, des attaques personnelles, ceux qui n&#039;ont aucun rapport avec le sujet, la publicit\u00e9, le spam et, en bref, tous ceux qui ne contribuent pas \u00e0 faire de la page Web ce \u00e0 quoi elle est destin\u00e9e\u00a0: un espace d&#039;opinion, d&#039;actualit\u00e9, d&#039;information, de communication libre et conviviale.<\/p>\n<p>L&#039;utilisateur s&#039;engage \u00e0 utiliser le contenu de mani\u00e8re licite en g\u00e9n\u00e9ral et, en particulier, s&#039;engage \u00e0 s&#039;abstenir de;<\/p>\n<ul>\n<li>Utiliser le contenu d&#039;une mani\u00e8re, \u00e0 des fins ou avec des effets contraires \u00e0 la loi, \u00e0 la morale et aux bonnes m\u0153urs g\u00e9n\u00e9ralement accept\u00e9es ou \u00e0 l&#039;ordre public.<\/li>\n<li>Reproduire ou copier, distribuer, transformer ou modifier le contenu.<\/li>\n<li>Utiliser le contenu \u00e0 des fins \u00e9conomiques, de vente directe ou \u00e0 toute autre fin commerciale, de messages non sollicit\u00e9s adress\u00e9s \u00e0 une pluralit\u00e9 de personnes quelle que soit leur finalit\u00e9, ainsi que de s&#039;abstenir de commercialiser ou de divulguer de quelque mani\u00e8re que ce soit lesdites informations.<\/li>\n<li>Publier tout contenu mena\u00e7ant, diffamatoire, calomnieux, obsc\u00e8ne, pornographique ou autrement en violation de la loi.<\/li>\n<\/ul>\n<p>Les utilisateurs doivent toujours garder \u00e0 l&#039;esprit que le contenu publi\u00e9 sur ce site Web est public et peut \u00eatre vu par tous vos abonn\u00e9s.<\/p>\n<p>Viking Real Estate &amp; Consultants SL ne sera pas responsable du contenu publi\u00e9 par les utilisateurs. Il n&#039;est pas non plus responsable des dommages pouvant \u00eatre caus\u00e9s par l&#039;utilisation des informations fournies via le service. De m\u00eame, il ne garantit pas l&#039;exactitude et\/ou la v\u00e9racit\u00e9 de tout ou partie des informations contenues dans le site, ni leur mise \u00e0 jour, ni que lesdites informations n&#039;ont pas \u00e9t\u00e9 alt\u00e9r\u00e9es ou modifi\u00e9es en tout ou partie, apr\u00e8s avoir \u00e9t\u00e9 reprises dans le placer.<\/p>\n<p>Il n&#039;est pas non plus responsable des informations et des contenus qui peuvent h\u00e9berger les liens inclus dans le site Web par les utilisateurs ou de l&#039;existence de logiciels malveillants ou analogues.<\/p>\n<p>Viking Real Estate &amp; Consultants SL ne sera pas responsable des dommages de toute nature pouvant \u00eatre dus \u00e0 la pr\u00e9sence de logiciels malveillants ou \u00e0 la pr\u00e9sence d&#039;autres \u00e9l\u00e9ments dans le contenu pouvant entra\u00eener des alt\u00e9rations du syst\u00e8me informatique, des programmes, des documents \u00e9lectroniques ou des fichiers du utilisateurs.<\/p>\n<p>Viking Real Estate &amp; Consultants SL ne garantit pas la disponibilit\u00e9 ou la continuit\u00e9 du service du site Web, pouvant le modifier, le suspendre ou l&#039;\u00e9liminer du Web sans pr\u00e9avis, \u00e0 tout moment.<\/p>\n<p>L&#039;utilisateur d\u00e9gagera Viking Real Estate &amp; Consultants SL de toute responsabilit\u00e9. contre toute r\u00e9clamation qui pourrait vous \u00eatre pr\u00e9sent\u00e9e pour les messages que l&#039;utilisateur a diffus\u00e9s sur les pages Web ou pour toute autre conduite li\u00e9e ou d\u00e9riv\u00e9e de l&#039;utilisation par l&#039;utilisateur des pages Web.<\/p>\n<p>Si un utilisateur ou un tiers consid\u00e8re qu&#039;un commentaire publi\u00e9 sur le site ou l&#039;un de ses liens est ill\u00e9gal, nous appr\u00e9cierions qu&#039;il soit communiqu\u00e9 dans les plus brefs d\u00e9lais \u00e0 l&#039;adresse e-mail dpd @ viking-realestate.com afin que Viking Real Estate &amp; Consultants SL proc\u00e9der \u00e0 sa r\u00e9vision et, le cas \u00e9ch\u00e9ant, \u00e0 son retrait.<\/p>","protected":false},"excerpt":{"rendered":"<p>IDENTIFICATION DATA OF THE OWNER OF THE WEBSITE \u00a0 In compliance with\u00a0 the\u00a0 duty\u00a0 of\u00a0 information, Viking Real Estate &amp;Consultants S.L. as the owner of the\u00a0 website,\u00a0\u00a0 proceeds\u00a0 to\u00a0 communicate\u00a0 the\u00a0 identification data: Company name: \u00a0\u00a0\u00a0\u00a0\u00a0\u00a0\u00a0\u00a0\u00a0\u00a0\u00a0\u00a0\u00a0\u00a0\u00a0\u00a0\u00a0\u00a0\u00a0\u00a0 Viking Real Estate &amp; Consultants S.L. VAT Nr: \u00a0\u00a0\u00a0\u00a0\u00a0\u00a0\u00a0\u00a0\u00a0\u00a0\u00a0\u00a0\u00a0\u00a0\u00a0\u00a0\u00a0\u00a0\u00a0\u00a0\u00a0\u00a0\u00a0\u00a0\u00a0\u00a0\u00a0\u00a0\u00a0\u00a0\u00a0\u00a0 B76689603 Email address :\u00a0 \u00a0\u00a0\u00a0\u00a0\u00a0\u00a0\u00a0\u00a0\u00a0\u00a0\u00a0\u00a0\u00a0\u00a0\u00a0\u00a0\u00a0\u00a0\u00a0\u00a0 dpd\u00a0 @ viking-realestate.com Address: \u00a0\u00a0\u00a0\u00a0\u00a0\u00a0\u00a0\u00a0\u00a0\u00a0\u00a0\u00a0\u00a0\u00a0\u00a0\u00a0\u00a0\u00a0\u00a0\u00a0\u00a0\u00a0\u00a0\u00a0\u00a0\u00a0\u00a0\u00a0\u00a0\u00a0\u00a0\u00a0&#8230;<\/p>","protected":false},"author":1,"featured_media":0,"parent":0,"menu_order":0,"comment_status":"closed","ping_status":"closed","template":"templates\/full-width.php","meta":{"footnotes":""},"_links":{"self":[{"href":"https:\/\/viking-realestate.com\/fr\/wp-json\/wp\/v2\/pages\/8107"}],"collection":[{"href":"https:\/\/viking-realestate.com\/fr\/wp-json\/wp\/v2\/pages"}],"about":[{"href":"https:\/\/viking-realestate.com\/fr\/wp-json\/wp\/v2\/types\/page"}],"author":[{"embeddable":true,"href":"https:\/\/viking-realestate.com\/fr\/wp-json\/wp\/v2\/users\/1"}],"replies":[{"embeddable":true,"href":"https:\/\/viking-realestate.com\/fr\/wp-json\/wp\/v2\/comments?post=8107"}],"version-history":[{"count":1,"href":"https:\/\/viking-realestate.com\/fr\/wp-json\/wp\/v2\/pages\/8107\/revisions"}],"predecessor-version":[{"id":8108,"href":"https:\/\/viking-realestate.com\/fr\/wp-json\/wp\/v2\/pages\/8107\/revisions\/8108"}],"wp:attachment":[{"href":"https:\/\/viking-realestate.com\/fr\/wp-json\/wp\/v2\/media?parent=8107"}],"curies":[{"name":"wp","href":"https:\/\/api.w.org\/{rel}","templated":true}]}}