{"id":7173,"date":"2021-12-08T10:31:36","date_gmt":"2021-12-08T10:31:36","guid":{"rendered":"https:\/\/sample.realhomes.io\/modern02\/?page_id=2"},"modified":"2021-12-08T10:31:36","modified_gmt":"2021-12-08T10:31:36","slug":"sample-page-3-2","status":"publish","type":"page","link":"https:\/\/viking-realestate.com\/fr\/exemple-page-3-2\/","title":{"rendered":"Page d&#039;exemple"},"content":{"rendered":"<p>This is an example page. It&#8217;s different from a blog post because it will stay in one place and will show up in your site navigation (in most themes). Most people start with an About page that introduces them to potential site visitors. It might say something like this:<\/p>\n\n\n\n<blockquote class=\"wp-block-quote\"><p>Hi there! I&#8217;m a bike messenger by day, aspiring actor by night, and this is my website. I live in Los Angeles, have a great dog named Jack, and I like pi&#241;a coladas. (And gettin&#8217; caught in the rain.)<\/p><\/blockquote>\n\n\n\n<p>&#8230;or something like this:<\/p>\n\n\n\n<blockquote class=\"wp-block-quote\"><p>La soci\u00e9t\u00e9 XYZ Doohickey a \u00e9t\u00e9 fond\u00e9e en 1971 et propose depuis lors des doohickeys de qualit\u00e9 au public. Situ\u00e9 \u00e0 Gotham City, XYZ emploie plus de 2 000 personnes et r\u00e9alise toutes sortes de choses g\u00e9niales pour la communaut\u00e9 de Gotham.<\/p><\/blockquote>\n\n\n\n<p>En tant que nouvel utilisateur de WordPress, vous devriez vous rendre sur <a href=\"https:\/\/sample.realhomes.io\/modern02\/wp-admin\/\">votre tableau de bord<\/a> pour supprimer cette page et cr\u00e9er de nouvelles pages pour votre contenu. Amusez-vous!<\/p>","protected":false},"excerpt":{"rendered":"<p>This is an example page. It&#8217;s different from a blog post because it will stay in one place and will show up in your site navigation (in most themes). Most people start with an About page that introduces them to potential site visitors. It might say something like this: Hi there! I&#8217;m a bike messenger&#8230;<\/p>","protected":false},"author":1,"featured_media":0,"parent":0,"menu_order":0,"comment_status":"closed","ping_status":"open","template":"","meta":{"footnotes":""},"_links":{"self":[{"href":"https:\/\/viking-realestate.com\/fr\/wp-json\/wp\/v2\/pages\/7173"}],"collection":[{"href":"https:\/\/viking-realestate.com\/fr\/wp-json\/wp\/v2\/pages"}],"about":[{"href":"https:\/\/viking-realestate.com\/fr\/wp-json\/wp\/v2\/types\/page"}],"author":[{"embeddable":true,"href":"https:\/\/viking-realestate.com\/fr\/wp-json\/wp\/v2\/users\/1"}],"replies":[{"embeddable":true,"href":"https:\/\/viking-realestate.com\/fr\/wp-json\/wp\/v2\/comments?post=7173"}],"version-history":[{"count":0,"href":"https:\/\/viking-realestate.com\/fr\/wp-json\/wp\/v2\/pages\/7173\/revisions"}],"wp:attachment":[{"href":"https:\/\/viking-realestate.com\/fr\/wp-json\/wp\/v2\/media?parent=7173"}],"curies":[{"name":"wp","href":"https:\/\/api.w.org\/{rel}","templated":true}]}}