{"id":11049,"date":"2022-11-12T13:19:13","date_gmt":"2022-11-12T13:19:13","guid":{"rendered":"https:\/\/properties.viking-realestate.com\/?page_id=11049"},"modified":"2022-11-12T13:19:13","modified_gmt":"2022-11-12T13:19:13","slug":"privacy-policy-3","status":"publish","type":"page","link":"https:\/\/viking-realestate.com\/fr\/politique-de-confidentialite-3\/","title":{"rendered":"Politique de confidentialit\u00e9"},"content":{"rendered":"<p>DONN\u00c9ES D&#039;IDENTIFICATION DU PROPRI\u00c9TAIRE DU SITE WEB<\/p>\n<p>Conform\u00e9ment au devoir d&#039;information, Viking Real Estate en tant que propri\u00e9taire du site internet, proc\u00e8de \u00e0 la communication des donn\u00e9es d&#039;identification :<\/p>\n<p>Nom de l&#039;entreprise : Viking Real Estate<\/p>\n<p>Num\u00e9ro de TVA : B76689603<\/p>\n<p>Adresse e-mail : dpd@viking-realestate.com<\/p>\n<p>Adresse : CC Palm Beach, Local N\u00ba 19 Avda. Rafael Puig Lluvina \u2013 38660 \u2013 Arona<\/p>\n<p>Ces informations sont conformes et r\u00e9glementent les conditions d&#039;utilisation, les limitations de responsabilit\u00e9 et les obligations que les utilisateurs de la page Web publi\u00e9e sous le nom de domaine viking-realestate.com assument et s&#039;engagent \u00e0 respecter.<\/p>\n<p>TERMES ET CONDITIONS<\/p>\n<p>Les pr\u00e9sentes conditions g\u00e9n\u00e9rales r\u00e9gissent l&#039;utilisation de ce site Web. L&#039;utilisation du site attribue la condition d&#039;utilisateur de la page Web \u00e0 son visiteur, et d\u00e9termine express\u00e9ment son acceptation enti\u00e8re et sans r\u00e9serve de chacun des termes de la pr\u00e9sente notice l\u00e9gale \u00e9tablie. Par cons\u00e9quent, l&#039;utilisateur doit lire attentivement les termes et conditions \u00e0 chacune des occasions dans lesquelles il a l&#039;intention d&#039;utiliser ce site Web.<\/p>\n<p>Il est \u00e9galement \u00e9tabli que les termes et conditions peuvent \u00eatre modifi\u00e9s en tout ou en partie par Viking Real Estate, et ces modifications et mises en \u0153uvre seront effectives \u00e0 partir du moment o\u00f9 elles seront publi\u00e9es ou ins\u00e9r\u00e9es dans ce site. L&#039;utilisateur doit consulter p\u00e9riodiquement les MENTIONS L\u00c9GALES D&#039;UTILISATION DU SITE WEB.<\/p>\n<p>Les messages qui ne correspondent pas au th\u00e8me du site Web peuvent \u00eatre supprim\u00e9s. Il est totalement interdit de publier des promotions et des liens d&#039;offres commerciales, de la publicit\u00e9, du mat\u00e9riel promotionnel, des cha\u00eenes de lettres ou toute activit\u00e9 promotionnelle directe ou indirecte ou tout autre type de commentaire non conforme au d\u00e9veloppement normal des th\u00e8mes des pages Web.<\/p>\n<p>Viking Real Estate se r\u00e9serve le droit de supprimer et\/ou de modifier les commentaires contenant un langage inappropri\u00e9, du spam ou tout autre comportement inappropri\u00e9 dans une communaut\u00e9 civilis\u00e9e. Les commentaires doivent \u00eatre limit\u00e9s \u00e0 la publication, aux nouvelles, \u00e0 la publication, etc., en s&#039;abstenant de leur utilisation \u00e0 des fins ou effets illicites, ill\u00e9gaux, contraires aux dispositions des pr\u00e9sentes conditions g\u00e9n\u00e9rales, de bonne foi et \u00e0 l&#039;ordre public, pr\u00e9judiciables aux droits et int\u00e9r\u00eats de des tiers, ou qui de quelque mani\u00e8re que ce soit peut \u00eatre offensant au sens large, insultant, peu d&#039;\u00e9ducation ou de consid\u00e9ration avec le reste des utilisateurs, des attaques personnelles, ceux qui n&#039;ont aucun rapport avec le sujet, la publicit\u00e9, le spam et, en bref, tous ceux qui ne contribuent pas \u00e0 faire de la page Web ce qu&#039;elle veut : un espace d&#039;opinion, d&#039;actualit\u00e9, d&#039;information, de communication libre et conviviale.<\/p>\n<p>L&#039;utilisateur s&#039;engage \u00e0 utiliser le contenu de mani\u00e8re licite en g\u00e9n\u00e9ral et, en particulier, s&#039;engage \u00e0 s&#039;abstenir de;<\/p>\n<p>Utiliser le contenu d&#039;une mani\u00e8re, \u00e0 des fins ou avec des effets contraires \u00e0 la loi, \u00e0 la morale et aux bonnes m\u0153urs g\u00e9n\u00e9ralement accept\u00e9es ou \u00e0 l&#039;ordre public.<br \/>\nReproduire ou copier, distribuer, transformer ou modifier le contenu.<br \/>\nUtiliser le contenu \u00e0 des fins \u00e9conomiques, de vente directe ou \u00e0 toute autre fin commerciale, de messages non sollicit\u00e9s adress\u00e9s \u00e0 une pluralit\u00e9 de personnes quelle que soit leur finalit\u00e9, ainsi que de s&#039;abstenir de commercialiser ou de divulguer de quelque mani\u00e8re que ce soit lesdites informations.<br \/>\nPublier tout contenu mena\u00e7ant, diffamatoire, calomnieux, obsc\u00e8ne, pornographique ou autrement en violation de la loi.<br \/>\nLes utilisateurs doivent toujours garder \u00e0 l&#039;esprit que le contenu publi\u00e9 sur ce site Web est public et peut \u00eatre vu par tous vos abonn\u00e9s.<\/p>\n<p>Viking Real Estate ne sera pas responsable du contenu publi\u00e9 par les utilisateurs. Il n&#039;est pas non plus responsable des dommages pouvant \u00eatre caus\u00e9s par l&#039;utilisation des informations fournies via le service. De m\u00eame, il ne garantit pas l&#039;exactitude et\/ou la v\u00e9racit\u00e9 de tout ou partie des informations contenues dans le site, ni leur mise \u00e0 jour, ni que lesdites informations n&#039;ont pas \u00e9t\u00e9 alt\u00e9r\u00e9es ou modifi\u00e9es en tout ou partie, apr\u00e8s avoir \u00e9t\u00e9 reprises dans le placer.<\/p>\n<p>Il n&#039;est pas non plus responsable des informations et des contenus qui peuvent h\u00e9berger les liens inclus dans le site Web par les utilisateurs ou de l&#039;existence de logiciels malveillants ou analogues.<\/p>\n<p>Viking Real Estate ne sera pas responsable des dommages de toute nature pouvant \u00eatre dus \u00e0 la pr\u00e9sence de logiciels malveillants ou \u00e0 la pr\u00e9sence d&#039;autres \u00e9l\u00e9ments dans le contenu pouvant entra\u00eener des alt\u00e9rations du syst\u00e8me informatique, des programmes, des documents \u00e9lectroniques ou des fichiers des utilisateurs.<\/p>\n<p>Viking Real Estate ne garantit pas la disponibilit\u00e9 ou la continuit\u00e9 du service du site Web, pouvant le modifier, le suspendre ou l&#039;\u00e9liminer du Web sans pr\u00e9avis, \u00e0 tout moment.<\/p>\n<p>L&#039;utilisateur tiendra Viking Real Estate indemne de toute r\u00e9clamation qui pourrait vous \u00eatre pr\u00e9sent\u00e9e pour les messages que l&#039;utilisateur a diffus\u00e9s sur les pages Web ou pour toute autre conduite li\u00e9e ou d\u00e9riv\u00e9e de l&#039;utilisation par l&#039;utilisateur des pages Web.<\/p>\n<p>Si un utilisateur ou un tiers consid\u00e8re qu&#039;un commentaire publi\u00e9 sur le site ou l&#039;un de ses liens est ill\u00e9gal, nous appr\u00e9cierions qu&#039;il soit communiqu\u00e9 dans les plus brefs d\u00e9lais \u00e0 l&#039;adresse e-mail dpd@viking-realestate.com afin que Viking Real Estate proc\u00e8de \u00e0 son r\u00e9vision et, le cas \u00e9ch\u00e9ant, son retrait.<\/p>","protected":false},"excerpt":{"rendered":"<p>IDENTIFICATION DATA OF THE OWNER OF THE WEBSITE In compliance with the duty of information, Viking Real Estate as the owner of the website, proceeds to communicate the identification data: Company name: Viking Real Estate VAT Nr: B76689603 Email address : dpd @ viking-realestate.com Address: C.C. Palm Beach, Local N\u00ba 19 Avda. Rafael Puig Lluvina&#8230;<\/p>","protected":false},"author":1,"featured_media":0,"parent":0,"menu_order":0,"comment_status":"closed","ping_status":"closed","template":"","meta":{"footnotes":""},"_links":{"self":[{"href":"https:\/\/viking-realestate.com\/fr\/wp-json\/wp\/v2\/pages\/11049"}],"collection":[{"href":"https:\/\/viking-realestate.com\/fr\/wp-json\/wp\/v2\/pages"}],"about":[{"href":"https:\/\/viking-realestate.com\/fr\/wp-json\/wp\/v2\/types\/page"}],"author":[{"embeddable":true,"href":"https:\/\/viking-realestate.com\/fr\/wp-json\/wp\/v2\/users\/1"}],"replies":[{"embeddable":true,"href":"https:\/\/viking-realestate.com\/fr\/wp-json\/wp\/v2\/comments?post=11049"}],"version-history":[{"count":1,"href":"https:\/\/viking-realestate.com\/fr\/wp-json\/wp\/v2\/pages\/11049\/revisions"}],"predecessor-version":[{"id":11051,"href":"https:\/\/viking-realestate.com\/fr\/wp-json\/wp\/v2\/pages\/11049\/revisions\/11051"}],"wp:attachment":[{"href":"https:\/\/viking-realestate.com\/fr\/wp-json\/wp\/v2\/media?parent=11049"}],"curies":[{"name":"wp","href":"https:\/\/api.w.org\/{rel}","templated":true}]}}