{"id":8107,"date":"2022-05-26T12:45:39","date_gmt":"2022-05-26T12:45:39","guid":{"rendered":"https:\/\/properties.viking-realestate.com\/?page_id=8107"},"modified":"2022-05-26T12:51:24","modified_gmt":"2022-05-26T12:51:24","slug":"privacy-policy-2","status":"publish","type":"page","link":"https:\/\/viking-realestate.com\/fi\/tietosuojakaytanto-2\/","title":{"rendered":"Tietosuojak\u00e4yt\u00e4nt\u00f6"},"content":{"rendered":"<p><strong>VERKKOSIVUSTON OMISTAJAN TUNNISTETIEDOT<\/strong><\/p>\n<p><strong>\u00a0<\/strong><\/p>\n<p>Tietovelvollisuuden mukaisesti Viking Real Estate &amp; Consultants SL verkkosivuston omistajana v\u00e4litt\u00e4\u00e4 tunnistetiedot:<\/p>\n<p>Yrityksen nimi: Viking Real Estate &amp; Consultants SL<\/p>\n<p>ALV-numero: B76689603<\/p>\n<p>S\u00e4hk\u00f6postiosoite: dpd @ viking-realestate.com<\/p>\n<p>Osoite: CC Palm Beach, Local N\u00ba 19 Avda. Rafael Puig Lluvina \u2013 38660 \u2013 Arona<\/p>\n<p>N\u00e4m\u00e4 tiedot noudattavat ja s\u00e4\u00e4telev\u00e4t k\u00e4ytt\u00f6ehtoja, vastuun rajoituksia ja velvoitteita, joita verkkotunnuksella viking-realestate.com julkaistun verkkosivun k\u00e4ytt\u00e4j\u00e4t ottavat ja sitoutuvat noudattamaan.<\/p>\n<p>K\u00c4YTT\u00d6EHDOT<\/p>\n<p>T\u00e4ss\u00e4 esitetyt yleiset ehdot s\u00e4\u00e4telev\u00e4t t\u00e4m\u00e4n verkkosivuston k\u00e4ytt\u00f6\u00e4. Sivuston k\u00e4ytt\u00f6 m\u00e4\u00e4ritt\u00e4\u00e4 verkkosivun k\u00e4ytt\u00e4j\u00e4n tilan vierailijalle ja m\u00e4\u00e4ritt\u00e4\u00e4 nimenomaisesti sen, ett\u00e4 se hyv\u00e4ksyy t\u00e4ysin ja varauksetta kaikki t\u00e4m\u00e4n oikeudellisen huomautuksen ehdot. T\u00e4st\u00e4 syyst\u00e4 k\u00e4ytt\u00e4j\u00e4n on luettava huolellisesti k\u00e4ytt\u00f6ehdot jokaisessa tilanteessa, jossa h\u00e4n aikoo k\u00e4ytt\u00e4\u00e4 t\u00e4t\u00e4 verkkosivustoa.<\/p>\n<p>On my\u00f6s vahvistettu, ett\u00e4 Viking Real Estate &amp; Consultants SL voi muuttaa ehtoja kokonaan tai osittain, ja t\u00e4llaiset muutokset ja toteutus tulevat voimaan heti, kun ne julkaistaan tai lis\u00e4t\u00e4\u00e4n t\u00e4lle sivustolle. K\u00e4ytt\u00e4j\u00e4n tulee ajoittain n\u00e4hd\u00e4 VERKKOSIVUSTON K\u00c4YTT\u00d6 OIKEUDELLISET ILMOITUKSET.<\/p>\n<p>Viestit, jotka eiv\u00e4t sovi sivuston teemaan, voidaan poistaa. Kampanjoiden ja kaupallisten tarjousten linkkien, mainonnan, promootiomateriaalin, ketjukirjeiden tai mink\u00e4 tahansa suoran tai ep\u00e4suoran myynninedist\u00e4mistoiminnan tai muunlaisen kommentin julkaiseminen on ehdottomasti kielletty\u00e4, joka ei sovi Web-sivujen teemojen normaaliin kehitykseen.<\/p>\n<p>Viking Real Estate &amp; Consultants SL pid\u00e4tt\u00e4\u00e4 oikeuden poistaa ja\/tai muokata kommentteja, jotka sis\u00e4lt\u00e4v\u00e4t sopimatonta kielt\u00e4, roskapostia tai muuta sopimatonta k\u00e4ytt\u00e4ytymist\u00e4 sivistyneess\u00e4 yhteis\u00f6ss\u00e4. Kommenttien tulee rajoittua julkaisuun, uutiseen, julkaisuun jne., pid\u00e4tt\u00e4en sen k\u00e4yt\u00f6st\u00e4 laittomiin tarkoituksiin tai vaikutuksiin, lainvastaiseen, vastoin n\u00e4iden yleisten ehtojen m\u00e4\u00e4r\u00e4yksi\u00e4, vilpitt\u00f6m\u00e4ss\u00e4 mieless\u00e4 ja yleiseen j\u00e4rjestykseen, vahingoittaa kolmansien osapuolten oikeuksia ja etuja ,tai joka voi mill\u00e4\u00e4n tavalla olla loukkaavaa laajassa merkityksess\u00e4, loukkaavaa, v\u00e4h\u00e4n koulutusta tai huomioimista muiden k\u00e4ytt\u00e4jien kanssa, henkil\u00f6kohtaisia hy\u00f6kk\u00e4yksi\u00e4, aiheeseen kuulumattomia, mainoksia, roskapostia ja lyhyesti sanottuna kaikkia niit\u00e4, jotka \u00e4l\u00e4 vaikuta siihen, ett\u00e4 Web-sivu tulee sellaiseksi kuin se aikoo: mielipide-, uutis-, tiedotustila, vapaa ja yst\u00e4v\u00e4llinen viestint\u00e4.<\/p>\n<p>K\u00e4ytt\u00e4j\u00e4 sitoutuu k\u00e4ytt\u00e4m\u00e4\u00e4n sis\u00e4lt\u00f6\u00e4 yleisesti lainmukaisella tavalla ja erityisesti sitoutuu pid\u00e4ttym\u00e4\u00e4n;<\/p>\n<ul>\n<li>K\u00e4yt\u00e4 sis\u00e4lt\u00f6\u00e4 lain, moraalin ja yleisesti hyv\u00e4ksyttyjen hyvien tapojen tai yleisen j\u00e4rjestyksen vastaisella tavalla, tarkoitukseen tai vaikutuksiin.<\/li>\n<li>Toistaa tai kopioida, jakaa, muuttaa tai muokata sis\u00e4lt\u00f6\u00e4.<\/li>\n<li>K\u00e4yt\u00e4 sis\u00e4lt\u00f6\u00e4 taloudellisiin tarkoituksiin, suoramyyntiin tai muuhun kaupalliseen tarkoitukseen, ei-toivottuihin viesteihin, jotka on osoitettu useille ihmisille heid\u00e4n tarkoituksestaan riippumatta, sek\u00e4 pid\u00e4tt\u00e4ytym\u00e4\u00e4n kyseisten tietojen markkinoinnista tai paljastamisesta mill\u00e4\u00e4n tavalla.<\/li>\n<li>Julkaise kaikkea uhkaavaa, herjaavaa, herjaavaa, s\u00e4\u00e4dyt\u00f6nt\u00e4, pornografista tai muuten lain vastaista sis\u00e4lt\u00f6\u00e4.<\/li>\n<\/ul>\n<p>K\u00e4ytt\u00e4jien tulee aina muistaa, ett\u00e4 t\u00e4ll\u00e4 sivustolla julkaistu sis\u00e4lt\u00f6 on julkista ja ett\u00e4 se n\u00e4kyy kaikille seuraajillesi.<\/p>\n<p>Viking Real Estate &amp; Consultants SL ei ole vastuussa k\u00e4ytt\u00e4jien julkaisemasta sis\u00e4ll\u00f6st\u00e4. Se ei my\u00f6sk\u00e4\u00e4n ole vastuussa vahingoista, jotka voivat aiheutua palvelun kautta toimitettujen tietojen k\u00e4yt\u00f6st\u00e4. Se ei my\u00f6sk\u00e4\u00e4n takaa sivustolla olevien tietojen tai niiden osan tarkkuutta ja\/tai todenper\u00e4isyytt\u00e4 eik\u00e4 niiden p\u00e4ivityst\u00e4 eik\u00e4 sit\u00e4, ett\u00e4 mainittuja tietoja ei ole muutettu tai muutettu kokonaan tai osittain sen j\u00e4lkeen, kun ne on sis\u00e4llytetty sivusto.<\/p>\n<p>Se ei my\u00f6sk\u00e4\u00e4n ole vastuussa tiedoista ja sis\u00e4ll\u00f6st\u00e4, joka saattaa is\u00e4nn\u00f6id\u00e4 k\u00e4ytt\u00e4jien verkkosivustolla olevia linkkej\u00e4 tai haittaohjelmien tai vastaavien olemassaolosta.<\/p>\n<p>Viking Real Estate &amp; Consultants SL ei ole vastuussa mink\u00e4\u00e4nlaisista vahingoista, jotka voivat johtua haittaohjelmien esiintymisest\u00e4 tai sis\u00e4ll\u00f6ss\u00e4 olevista muista osista, jotka voivat aiheuttaa muutoksia tietokonej\u00e4rjestelm\u00e4\u00e4n, ohjelmiin, s\u00e4hk\u00f6isiin asiakirjoihin tai tiedostoihin. k\u00e4ytt\u00e4ji\u00e4.<\/p>\n<p>Viking Real Estate &amp; Consultants SL ei takaa verkkosivuston palvelun saatavuutta tai jatkuvuutta, koska se voi milloin tahansa muokata, keskeytt\u00e4\u00e4 tai poistaa verkosta ilman ennakkoilmoitusta.<\/p>\n<p>K\u00e4ytt\u00e4j\u00e4 pit\u00e4\u00e4 Viking Real Estate &amp; Consultants SL:n vaarattomana. kaikilta vaatimuksilta, jotka voidaan esitt\u00e4\u00e4 sinulle viesteist\u00e4, joita k\u00e4ytt\u00e4j\u00e4 on jakanut Web-sivuilla, tai mist\u00e4 tahansa muusta k\u00e4ytt\u00e4ytymisest\u00e4, joka on linkitetty tai joka on johdettu k\u00e4ytt\u00e4j\u00e4n Web-sivujen k\u00e4yt\u00f6st\u00e4.<\/p>\n<p>Jos k\u00e4ytt\u00e4j\u00e4 tai kolmas osapuoli katsoo, ett\u00e4 mik\u00e4 tahansa verkkosivustolla tai sen linkeiss\u00e4 julkaistu kommentti on laitonta, arvostamme, ett\u00e4 se toimitetaan mahdollisimman pian s\u00e4hk\u00f6postiosoitteeseen dpd @ viking-realestate.com, jotta Viking Real Estate &amp; Consultants SL sen tarkistamista ja tarvittaessa sen peruuttamista.<\/p>","protected":false},"excerpt":{"rendered":"<p>IDENTIFICATION DATA OF THE OWNER OF THE WEBSITE \u00a0 In compliance with\u00a0 the\u00a0 duty\u00a0 of\u00a0 information, Viking Real Estate &amp;Consultants S.L. as the owner of the\u00a0 website,\u00a0\u00a0 proceeds\u00a0 to\u00a0 communicate\u00a0 the\u00a0 identification data: Company name: \u00a0\u00a0\u00a0\u00a0\u00a0\u00a0\u00a0\u00a0\u00a0\u00a0\u00a0\u00a0\u00a0\u00a0\u00a0\u00a0\u00a0\u00a0\u00a0\u00a0 Viking Real Estate &amp; Consultants S.L. VAT Nr: \u00a0\u00a0\u00a0\u00a0\u00a0\u00a0\u00a0\u00a0\u00a0\u00a0\u00a0\u00a0\u00a0\u00a0\u00a0\u00a0\u00a0\u00a0\u00a0\u00a0\u00a0\u00a0\u00a0\u00a0\u00a0\u00a0\u00a0\u00a0\u00a0\u00a0\u00a0\u00a0 B76689603 Email address :\u00a0 \u00a0\u00a0\u00a0\u00a0\u00a0\u00a0\u00a0\u00a0\u00a0\u00a0\u00a0\u00a0\u00a0\u00a0\u00a0\u00a0\u00a0\u00a0\u00a0\u00a0 dpd\u00a0 @ viking-realestate.com Address: \u00a0\u00a0\u00a0\u00a0\u00a0\u00a0\u00a0\u00a0\u00a0\u00a0\u00a0\u00a0\u00a0\u00a0\u00a0\u00a0\u00a0\u00a0\u00a0\u00a0\u00a0\u00a0\u00a0\u00a0\u00a0\u00a0\u00a0\u00a0\u00a0\u00a0\u00a0\u00a0&#8230;<\/p>","protected":false},"author":1,"featured_media":0,"parent":0,"menu_order":0,"comment_status":"closed","ping_status":"closed","template":"templates\/full-width.php","meta":{"footnotes":""},"_links":{"self":[{"href":"https:\/\/viking-realestate.com\/fi\/wp-json\/wp\/v2\/pages\/8107"}],"collection":[{"href":"https:\/\/viking-realestate.com\/fi\/wp-json\/wp\/v2\/pages"}],"about":[{"href":"https:\/\/viking-realestate.com\/fi\/wp-json\/wp\/v2\/types\/page"}],"author":[{"embeddable":true,"href":"https:\/\/viking-realestate.com\/fi\/wp-json\/wp\/v2\/users\/1"}],"replies":[{"embeddable":true,"href":"https:\/\/viking-realestate.com\/fi\/wp-json\/wp\/v2\/comments?post=8107"}],"version-history":[{"count":1,"href":"https:\/\/viking-realestate.com\/fi\/wp-json\/wp\/v2\/pages\/8107\/revisions"}],"predecessor-version":[{"id":8108,"href":"https:\/\/viking-realestate.com\/fi\/wp-json\/wp\/v2\/pages\/8107\/revisions\/8108"}],"wp:attachment":[{"href":"https:\/\/viking-realestate.com\/fi\/wp-json\/wp\/v2\/media?parent=8107"}],"curies":[{"name":"wp","href":"https:\/\/api.w.org\/{rel}","templated":true}]}}