{"id":7173,"date":"2021-12-08T10:31:36","date_gmt":"2021-12-08T10:31:36","guid":{"rendered":"https:\/\/sample.realhomes.io\/modern02\/?page_id=2"},"modified":"2021-12-08T10:31:36","modified_gmt":"2021-12-08T10:31:36","slug":"sample-page-3-2","status":"publish","type":"page","link":"https:\/\/viking-realestate.com\/fi\/sample-page-3-2\/","title":{"rendered":"Esimerkkisivu"},"content":{"rendered":"<p>This is an example page. It&#8217;s different from a blog post because it will stay in one place and will show up in your site navigation (in most themes). Most people start with an About page that introduces them to potential site visitors. It might say something like this:<\/p>\n\n\n\n<blockquote class=\"wp-block-quote\"><p>Hi there! I&#8217;m a bike messenger by day, aspiring actor by night, and this is my website. I live in Los Angeles, have a great dog named Jack, and I like pi&#241;a coladas. (And gettin&#8217; caught in the rain.)<\/p><\/blockquote>\n\n\n\n<p>&#8230;or something like this:<\/p>\n\n\n\n<blockquote class=\"wp-block-quote\"><p>XYZ Doohickey Company perustettiin vuonna 1971, ja se on tarjonnut laadukkaita doohickeys yleis\u00f6lle siit\u00e4 l\u00e4htien. Gotham Cityss\u00e4 sijaitseva XYZ ty\u00f6llist\u00e4\u00e4 yli 2 000 ihmist\u00e4 ja tekee kaikenlaisia mahtavia asioita Gothamin yhteis\u00f6lle.<\/p><\/blockquote>\n\n\n\n<p>Uutena WordPress-k\u00e4ytt\u00e4j\u00e4n\u00e4 sinun tulee menn\u00e4 osoitteeseen <a href=\"https:\/\/sample.realhomes.io\/modern02\/wp-admin\/\">kojelautaasi<\/a> poistaaksesi t\u00e4m\u00e4n sivun ja luodaksesi uusia sivuja sis\u00e4ll\u00f6llesi. Pid\u00e4 hauskaa!<\/p>","protected":false},"excerpt":{"rendered":"<p>This is an example page. It&#8217;s different from a blog post because it will stay in one place and will show up in your site navigation (in most themes). Most people start with an About page that introduces them to potential site visitors. It might say something like this: Hi there! I&#8217;m a bike messenger&#8230;<\/p>","protected":false},"author":1,"featured_media":0,"parent":0,"menu_order":0,"comment_status":"closed","ping_status":"open","template":"","meta":{"footnotes":""},"_links":{"self":[{"href":"https:\/\/viking-realestate.com\/fi\/wp-json\/wp\/v2\/pages\/7173"}],"collection":[{"href":"https:\/\/viking-realestate.com\/fi\/wp-json\/wp\/v2\/pages"}],"about":[{"href":"https:\/\/viking-realestate.com\/fi\/wp-json\/wp\/v2\/types\/page"}],"author":[{"embeddable":true,"href":"https:\/\/viking-realestate.com\/fi\/wp-json\/wp\/v2\/users\/1"}],"replies":[{"embeddable":true,"href":"https:\/\/viking-realestate.com\/fi\/wp-json\/wp\/v2\/comments?post=7173"}],"version-history":[{"count":0,"href":"https:\/\/viking-realestate.com\/fi\/wp-json\/wp\/v2\/pages\/7173\/revisions"}],"wp:attachment":[{"href":"https:\/\/viking-realestate.com\/fi\/wp-json\/wp\/v2\/media?parent=7173"}],"curies":[{"name":"wp","href":"https:\/\/api.w.org\/{rel}","templated":true}]}}