{"id":11045,"date":"2022-11-12T13:03:14","date_gmt":"2022-11-12T13:03:14","guid":{"rendered":"https:\/\/properties.viking-realestate.com\/?page_id=11045"},"modified":"2022-11-12T13:03:55","modified_gmt":"2022-11-12T13:03:55","slug":"data-protection","status":"publish","type":"page","link":"https:\/\/viking-realestate.com\/fi\/datan-suojelu\/","title":{"rendered":"Datan suojelu"},"content":{"rendered":"<p>Valitsemalla valintaruudun hyv\u00e4ksyt tietosuojak\u00e4yt\u00e4nn\u00f6n. Voimassa olevien henkil\u00f6tietosuojam\u00e4\u00e4r\u00e4ysten mukaisesti ilmoitamme, ett\u00e4 lomakkeessa annetut tiedot sek\u00e4 s\u00e4hk\u00f6postiosoitteesi ovat osa Viking Group -tietokantaa, joka koostuu osoitteessa https:\/\/vikinggroup ilmoitetuista yrityksist\u00e4. .aviolegal.info\/100_grupo.html<\/p>\n<p>Tarkoituksena on sis\u00e4inen, ammatillinen ja kaupallinen johtaminen ja sen uskollisuus sek\u00e4 vastaaminen esitettyihin kyselyihin. Samoin s\u00e4hk\u00f6postitilisi tallennetaan toimintaamme koskevien tietojen l\u00e4hett\u00e4mist\u00e4 varten.<\/p>\n<p>S\u00e4hk\u00f6postitili\u00e4si s\u00e4ilytet\u00e4\u00e4n toistaiseksi niin kauan, kun et pyyd\u00e4 sen poistamista.<\/p>\n<p>If you do not wish to receive further information about our products or services, you can unsubscribe at the following email address dpd@viking-realestate.com, indicating in the subject \u201cunsubscribe\u201d or \u201cdo not send mail\u201d, or by following the instructions at the bottom of the email received or in the format received.<\/p>\n<p>Lis\u00e4tietoa tietosuojasta l\u00f6yd\u00e4t verkkosivuiltamme: <a href=\"http:\/\/vikinggroup.avisolegal.info\/\">http:\/\/vikinggroup.avisolegal.info\/<\/a><\/p>","protected":false},"excerpt":{"rendered":"<p>By checking the box, you are accepting the data protection policy. In compliance with current regulations on Personal Data Protection, we inform you that the data provided in the form as well as your email address, are part of the Viking Group database, which is made up of the companies indicated in: https:\/\/vikinggroup.avisolegal.info\/100_grupo.html The purpose&#8230;<\/p>","protected":false},"author":1,"featured_media":0,"parent":0,"menu_order":0,"comment_status":"closed","ping_status":"closed","template":"","meta":{"footnotes":""},"_links":{"self":[{"href":"https:\/\/viking-realestate.com\/fi\/wp-json\/wp\/v2\/pages\/11045"}],"collection":[{"href":"https:\/\/viking-realestate.com\/fi\/wp-json\/wp\/v2\/pages"}],"about":[{"href":"https:\/\/viking-realestate.com\/fi\/wp-json\/wp\/v2\/types\/page"}],"author":[{"embeddable":true,"href":"https:\/\/viking-realestate.com\/fi\/wp-json\/wp\/v2\/users\/1"}],"replies":[{"embeddable":true,"href":"https:\/\/viking-realestate.com\/fi\/wp-json\/wp\/v2\/comments?post=11045"}],"version-history":[{"count":2,"href":"https:\/\/viking-realestate.com\/fi\/wp-json\/wp\/v2\/pages\/11045\/revisions"}],"predecessor-version":[{"id":11048,"href":"https:\/\/viking-realestate.com\/fi\/wp-json\/wp\/v2\/pages\/11045\/revisions\/11048"}],"wp:attachment":[{"href":"https:\/\/viking-realestate.com\/fi\/wp-json\/wp\/v2\/media?parent=11045"}],"curies":[{"name":"wp","href":"https:\/\/api.w.org\/{rel}","templated":true}]}}