{"id":11049,"date":"2022-11-12T13:19:13","date_gmt":"2022-11-12T13:19:13","guid":{"rendered":"https:\/\/properties.viking-realestate.com\/?page_id=11049"},"modified":"2022-11-12T13:19:13","modified_gmt":"2022-11-12T13:19:13","slug":"privacy-policy-3","status":"publish","type":"page","link":"https:\/\/viking-realestate.com\/es\/politica-de-privacidad-3\/","title":{"rendered":"Pol\u00edtica de privacidad"},"content":{"rendered":"<p>DATOS IDENTIFICATIVOS DEL TITULAR DE LA WEB<\/p>\n<p>En cumplimiento del deber de informaci\u00f3n, Viking Real Estate como titular del sitio web, procede a comunicar los datos identificativos:<\/p>\n<p>Nombre de la empresa: Inmobiliaria vikinga<\/p>\n<p>N\u00famero de IVA: B76689603<\/p>\n<p>Direcci\u00f3n de correo electr\u00f3nico: dpd @ viking-realestate.com<\/p>\n<p>Direcci\u00f3n: CC Palm Beach, Local N\u00ba 19 Avda. Rafael Puig Lluvina \u2013 38660 \u2013 Arona<\/p>\n<p>La presente informaci\u00f3n configura y regula las condiciones de uso, las limitaciones de responsabilidad y las obligaciones que asumen y se comprometen a respetar los usuarios de la p\u00e1gina Web que se publica bajo el nombre de dominio viking-realestate.com.<\/p>\n<p>T\u00c9RMINOS Y CONDICIONES<\/p>\n<p>Los t\u00e9rminos y condiciones generales aqu\u00ed establecidos regulan el uso de este sitio web. La utilizaci\u00f3n del sitio atribuye a quien lo visita la condici\u00f3n de usuario de la p\u00e1gina Web, y determina expresamente su aceptaci\u00f3n plena y sin reservas de todas y cada una de las condiciones establecidas en este aviso legal. En consecuencia, el usuario debe leer atentamente los t\u00e9rminos y condiciones en cada una de las ocasiones en que se proponga utilizar este sitio web.<\/p>\n<p>Asimismo, se establece que los t\u00e9rminos y condiciones podr\u00e1n ser modificados en todo o en parte por Viking Real Estate, y dichos cambios e implementaci\u00f3n ser\u00e1n efectivos desde el momento en que sean publicados o insertados en este sitio. El usuario deber\u00e1 consultar peri\u00f3dicamente el AVISO LEGAL USO DEL SITIO WEB.<\/p>\n<p>Aquellos mensajes que no se ajusten a la tem\u00e1tica del sitio web podr\u00e1n ser eliminados. Queda totalmente prohibido publicar promociones y enlaces de ofertas comerciales, publicidad, material promocional, cartas en cadena o cualquier actividad promocional directa o indirecta o cualquier otro tipo de comentario que no se ajuste al normal desarrollo de las tem\u00e1ticas de las p\u00e1ginas Web.<\/p>\n<p>Viking Real Estate se reserva el derecho de eliminar y\/o modificar comentarios que contengan lenguaje inapropiado, spam u otra conducta inapropiada en una comunidad civilizada. Los comentarios deber\u00e1n limitarse al post, noticia, publicaci\u00f3n, etc., absteni\u00e9ndose de su utilizaci\u00f3n con fines o efectos il\u00edcitos, ilegales, contrarios a lo dispuesto en estas condiciones generales, la buena fe y el orden p\u00fablico, lesivos de los derechos e intereses de terceros, o que de cualquier forma puedan resultar ofensivos en un sentido amplio, insultantes, poca educaci\u00f3n o consideraci\u00f3n con el resto de los usuarios, ataques personales, los que no tengan relaci\u00f3n con el tema, publicidad, spam y, en definitiva, todo los que no contribuyen a hacer de la p\u00e1gina Web lo que pretende: un espacio de opini\u00f3n, noticias, informaci\u00f3n, comunicaci\u00f3n libre y amable.<\/p>\n<p>El usuario se obliga a usar los contenidos de forma l\u00edcita en general y, en particular, se compromete a abstenerse de;<\/p>\n<p>Utilizar los contenidos de forma, con fines o efectos contrarios a la ley, a la moral ya las buenas costumbres generalmente aceptadas o al orden p\u00fablico.<br \/>\nReproducir o copiar, distribuir, transformar o modificar los contenidos.<br \/>\nUtilizar los contenidos con fines econ\u00f3micos, de venta directa o con cualquier otra clase de finalidad comercial, mensajes no solicitados dirigidos a una pluralidad de personas cualquiera que sea su finalidad, as\u00ed como abstenerse de comercializar o divulgar de cualquier forma dicha informaci\u00f3n.<br \/>\nPublicar cualquier contenido que sea amenazante, difamatorio, difamatorio, obsceno, pornogr\u00e1fico o que infrinja la Ley.<br \/>\nLos usuarios deben tener siempre en cuenta que el contenido publicado en este sitio web es p\u00fablico y puede ser visto por todos sus seguidores.<\/p>\n<p>Viking Real Estate no ser\u00e1 responsable de los contenidos publicados por los usuarios. Tampoco se hace responsable de los da\u00f1os y perjuicios que pudieran ocasionarse por el uso de la informaci\u00f3n facilitada a trav\u00e9s del servicio. Asimismo, no garantiza la exactitud y\/o veracidad de toda o parte de la informaci\u00f3n contenida en el sitio, ni su actualizaci\u00f3n, ni que dicha informaci\u00f3n no haya sido alterada o modificada en todo o en parte, despu\u00e9s de haber sido incluida en el sitio.<\/p>\n<p>Tampoco se responsabiliza de la informaci\u00f3n y contenidos que puedan albergar los enlaces incluidos en el sitio web por los usuarios ni de la existencia de malware o an\u00e1logos.<\/p>\n<p>Viking Real Estate no ser\u00e1 responsable de los da\u00f1os y perjuicios de toda naturaleza que puedan deberse a la presencia de malware oa la presencia de otros elementos en los contenidos que puedan producir alteraciones en el sistema inform\u00e1tico, programas, documentos electr\u00f3nicos o ficheros de los usuarios.<\/p>\n<p>Viking Real Estate no garantiza la disponibilidad ni continuidad del servicio del sitio web, pudiendo modificarlo, suspenderlo o eliminarlo de la web sin previo aviso, en cualquier momento.<\/p>\n<p>El usuario mantendr\u00e1 indemne a Viking Real Estate frente a cualquier reclamaci\u00f3n que se le pueda presentar por los mensajes que el usuario haya difundido en las p\u00e1ginas Web o por cualquier otra conducta vinculada o derivada del uso por parte del usuario de las p\u00e1ginas Web.<\/p>\n<p>Si un usuario o un tercero considera que cualquier comentario publicado en el sitio web o cualquiera de sus enlaces es ilegal, le agradecer\u00edamos que lo comunicara a la mayor brevedad posible a la direcci\u00f3n de correo electr\u00f3nico dpd@viking-realestate.com para que Viking Real Estate proceda a su revisi\u00f3n y, en su caso, su retirada.<\/p>","protected":false},"excerpt":{"rendered":"<p>IDENTIFICATION DATA OF THE OWNER OF THE WEBSITE In compliance with the duty of information, Viking Real Estate as the owner of the website, proceeds to communicate the identification data: Company name: Viking Real Estate VAT Nr: B76689603 Email address : dpd @ viking-realestate.com Address: C.C. Palm Beach, Local N\u00ba 19 Avda. Rafael Puig Lluvina&#8230;<\/p>","protected":false},"author":1,"featured_media":0,"parent":0,"menu_order":0,"comment_status":"closed","ping_status":"closed","template":"","meta":{"footnotes":""},"_links":{"self":[{"href":"https:\/\/viking-realestate.com\/es\/wp-json\/wp\/v2\/pages\/11049"}],"collection":[{"href":"https:\/\/viking-realestate.com\/es\/wp-json\/wp\/v2\/pages"}],"about":[{"href":"https:\/\/viking-realestate.com\/es\/wp-json\/wp\/v2\/types\/page"}],"author":[{"embeddable":true,"href":"https:\/\/viking-realestate.com\/es\/wp-json\/wp\/v2\/users\/1"}],"replies":[{"embeddable":true,"href":"https:\/\/viking-realestate.com\/es\/wp-json\/wp\/v2\/comments?post=11049"}],"version-history":[{"count":1,"href":"https:\/\/viking-realestate.com\/es\/wp-json\/wp\/v2\/pages\/11049\/revisions"}],"predecessor-version":[{"id":11051,"href":"https:\/\/viking-realestate.com\/es\/wp-json\/wp\/v2\/pages\/11049\/revisions\/11051"}],"wp:attachment":[{"href":"https:\/\/viking-realestate.com\/es\/wp-json\/wp\/v2\/media?parent=11049"}],"curies":[{"name":"wp","href":"https:\/\/api.w.org\/{rel}","templated":true}]}}