{"id":11045,"date":"2022-11-12T13:03:14","date_gmt":"2022-11-12T13:03:14","guid":{"rendered":"https:\/\/properties.viking-realestate.com\/?page_id=11045"},"modified":"2022-11-12T13:03:55","modified_gmt":"2022-11-12T13:03:55","slug":"data-protection","status":"publish","type":"page","link":"https:\/\/viking-realestate.com\/es\/proteccion-de-datos\/","title":{"rendered":"Protecci\u00f3n de Datos"},"content":{"rendered":"<p>Al marcar la casilla est\u00e1s aceptando la pol\u00edtica de protecci\u00f3n de datos. En cumplimiento de la normativa vigente en Protecci\u00f3n de Datos Personales, le informamos que los datos facilitados en el formulario as\u00ed como su direcci\u00f3n de correo electr\u00f3nico, forman parte de la base de datos de Viking Group, que est\u00e1 integrada por las empresas indicadas en: https:\/\/vikinggroup .avisolegal.info\/100_grupo.html<\/p>\n<p>La finalidad es la gesti\u00f3n interna, profesional y comercial y su fidelizaci\u00f3n, as\u00ed como dar respuesta a la\/s consulta\/s planteadas. Asimismo, su cuenta de correo electr\u00f3nico ser\u00e1 almacenada para el env\u00edo de informaci\u00f3n sobre nuestra actividad.<\/p>\n<p>Su cuenta de correo electr\u00f3nico se mantendr\u00e1 indefinidamente mientras no solicite su eliminaci\u00f3n.<\/p>\n<p>If you do not wish to receive further information about our products or services, you can unsubscribe at the following email address dpd@viking-realestate.com, indicating in the subject \u201cunsubscribe\u201d or \u201cdo not send mail\u201d, or by following the instructions at the bottom of the email received or in the format received.<\/p>\n<p>Puede consultar informaci\u00f3n adicional y detallada sobre Protecci\u00f3n de Datos en nuestra p\u00e1gina web: <a href=\"http:\/\/vikinggroup.avisolegal.info\/\">http:\/\/vikinggroup.avisolegal.info\/<\/a><\/p>","protected":false},"excerpt":{"rendered":"<p>By checking the box, you are accepting the data protection policy. In compliance with current regulations on Personal Data Protection, we inform you that the data provided in the form as well as your email address, are part of the Viking Group database, which is made up of the companies indicated in: https:\/\/vikinggroup.avisolegal.info\/100_grupo.html The purpose&#8230;<\/p>","protected":false},"author":1,"featured_media":0,"parent":0,"menu_order":0,"comment_status":"closed","ping_status":"closed","template":"","meta":{"footnotes":""},"_links":{"self":[{"href":"https:\/\/viking-realestate.com\/es\/wp-json\/wp\/v2\/pages\/11045"}],"collection":[{"href":"https:\/\/viking-realestate.com\/es\/wp-json\/wp\/v2\/pages"}],"about":[{"href":"https:\/\/viking-realestate.com\/es\/wp-json\/wp\/v2\/types\/page"}],"author":[{"embeddable":true,"href":"https:\/\/viking-realestate.com\/es\/wp-json\/wp\/v2\/users\/1"}],"replies":[{"embeddable":true,"href":"https:\/\/viking-realestate.com\/es\/wp-json\/wp\/v2\/comments?post=11045"}],"version-history":[{"count":2,"href":"https:\/\/viking-realestate.com\/es\/wp-json\/wp\/v2\/pages\/11045\/revisions"}],"predecessor-version":[{"id":11048,"href":"https:\/\/viking-realestate.com\/es\/wp-json\/wp\/v2\/pages\/11045\/revisions\/11048"}],"wp:attachment":[{"href":"https:\/\/viking-realestate.com\/es\/wp-json\/wp\/v2\/media?parent=11045"}],"curies":[{"name":"wp","href":"https:\/\/api.w.org\/{rel}","templated":true}]}}