{"id":11049,"date":"2022-11-12T13:19:13","date_gmt":"2022-11-12T13:19:13","guid":{"rendered":"https:\/\/properties.viking-realestate.com\/?page_id=11049"},"modified":"2022-11-12T13:19:13","modified_gmt":"2022-11-12T13:19:13","slug":"privacy-policy-3","status":"publish","type":"page","link":"https:\/\/viking-realestate.com\/de\/datenschutzrichtlinie-3\/","title":{"rendered":"Datenschutz-Bestimmungen"},"content":{"rendered":"<p>IDENTIFIKATIONSDATEN DES EIGENT\u00dcMERS DER WEBSITE<\/p>\n<p>In \u00dcbereinstimmung mit der Informationspflicht \u00fcbermittelt Viking Real Estate als Eigent\u00fcmer der Website die Identifikationsdaten:<\/p>\n<p>Firmenname: Viking Real Estate<\/p>\n<p>Umsatzsteuer-Identifikationsnummer: B76689603<\/p>\n<p>E-Mail-Adresse: dpd @ viking-realestate.com<\/p>\n<p>Adresse: CC Palm Beach, Local N\u00ba 19 Avda. Rafael Puig Lluvina \u2013 38660 \u2013 Arona<\/p>\n<p>Diese Informationen entsprechen und regeln die Nutzungsbedingungen, die Haftungsbeschr\u00e4nkungen und die Verpflichtungen, die die Benutzer der unter dem Domainnamen viking-realestate.com ver\u00f6ffentlichten Webseite \u00fcbernehmen und zu deren Einhaltung sie sich verpflichten.<\/p>\n<p>GESCH\u00c4FTSBEDINGUNGEN<\/p>\n<p>Die hier festgelegten Allgemeinen Gesch\u00e4ftsbedingungen regeln die Nutzung dieser Website. Die Nutzung der Website schreibt dem Besucher die Bedingung des Benutzers der Webseite zu und setzt ausdr\u00fccklich seine vollst\u00e4ndige und vorbehaltlose Annahme aller in diesem rechtlichen Hinweis festgelegten Bedingungen voraus. Folglich muss der Benutzer die Nutzungsbedingungen bei jeder Gelegenheit, bei der er beabsichtigt, diese Website zu nutzen, sorgf\u00e4ltig lesen.<\/p>\n<p>Es wird auch festgestellt, dass die Allgemeinen Gesch\u00e4ftsbedingungen von Viking Real Estate ganz oder teilweise ge\u00e4ndert werden k\u00f6nnen und solche \u00c4nderungen und Umsetzungen ab dem Zeitpunkt wirksam werden, an dem sie auf dieser Website ver\u00f6ffentlicht oder eingef\u00fcgt werden. Der Benutzer muss regelm\u00e4\u00dfig den RECHTLICHEN HINWEIS NUTZUNG DER WEBSITE einsehen.<\/p>\n<p>Nachrichten, die nicht zum Thema der Website passen, k\u00f6nnen gel\u00f6scht werden. Es ist absolut verboten, Werbeaktionen und Links zu kommerziellen Angeboten, Werbung, Werbematerial, Kettenbriefe oder jegliche direkte oder indirekte Werbet\u00e4tigkeit oder jede andere Art von Kommentaren zu ver\u00f6ffentlichen, die nicht der normalen Entwicklung der Themen der Webseiten entsprechen.<\/p>\n<p>Viking Real Estate beh\u00e4lt sich das Recht vor, Kommentare zu entfernen und\/oder zu \u00e4ndern, die unangemessene Sprache, Spam oder andere unangemessene Verhaltensweisen in einer zivilisierten Gemeinschaft enthalten. Die Kommentare m\u00fcssen sich auf Posts, Nachrichten, Ver\u00f6ffentlichungen usw. beschr\u00e4nken und d\u00fcrfen nicht f\u00fcr illegale Zwecke oder Wirkungen verwendet werden, rechtswidrig, entgegen den Bestimmungen dieser Allgemeinen Gesch\u00e4ftsbedingungen, nach Treu und Glauben und der \u00f6ffentlichen Ordnung, sch\u00e4dlich f\u00fcr die Rechte und Interessen von Dritte, oder die im weitesten Sinne anst\u00f6\u00dfig sein k\u00f6nnen, Beleidigung, wenig Aufkl\u00e4rung oder R\u00fccksichtnahme auf den Rest der Benutzer, pers\u00f6nliche Angriffe, Personen, die nichts mit dem Thema zu tun haben, Werbung, Spam und kurz alles diejenigen, die nicht dazu beitragen, die Webseite zu dem zu machen, was sie beabsichtigt: ein Raum f\u00fcr Meinungen, Nachrichten, Informationen, freie und freundliche Kommunikation.<\/p>\n<p>Der Nutzer verpflichtet sich, die Inhalte im Allgemeinen rechtm\u00e4\u00dfig zu nutzen und insbesondere zu unterlassen;<\/p>\n<p>Verwenden Sie die Inhalte in einer Weise, f\u00fcr Zwecke oder Wirkungen, die gegen das Gesetz, die guten Sitten und die allgemein anerkannten guten Sitten oder die \u00f6ffentliche Ordnung versto\u00dfen.<br \/>\nInhalte zu reproduzieren oder zu kopieren, zu verteilen, umzuwandeln oder zu modifizieren.<br \/>\nVerwenden Sie die Inhalte f\u00fcr wirtschaftliche Zwecke, den Direktverkauf oder f\u00fcr andere kommerzielle Zwecke, unaufgeforderte Nachrichten, die an eine Vielzahl von Personen gerichtet sind, unabh\u00e4ngig von ihrem Zweck, sowie das Marketing oder die Weitergabe dieser Informationen in irgendeiner Weise.<br \/>\nVer\u00f6ffentlichen Sie Inhalte, die bedrohlich, verleumderisch, verleumderisch, obsz\u00f6n, pornographisch oder anderweitig gegen das Gesetz versto\u00dfen.<br \/>\nBenutzer sollten immer bedenken, dass die auf dieser Website ver\u00f6ffentlichten Inhalte \u00f6ffentlich sind und von allen Ihren Followern gesehen werden k\u00f6nnen.<\/p>\n<p>Viking Real Estate ist nicht verantwortlich f\u00fcr die von Benutzern ver\u00f6ffentlichten Inhalte. Es ist auch nicht verantwortlich f\u00fcr Sch\u00e4den, die durch die Nutzung der \u00fcber den Dienst bereitgestellten Informationen verursacht werden k\u00f6nnen. Ebenso garantiert es nicht die Genauigkeit und \/ oder Richtigkeit aller oder eines Teils der auf der Website enthaltenen Informationen, noch deren Aktualisierung, noch dass diese Informationen ganz oder teilweise nicht ge\u00e4ndert oder modifiziert wurden, nachdem sie in die Website aufgenommen wurden Seite? \u02c5.<\/p>\n<p>Es ist auch nicht verantwortlich f\u00fcr die Informationen und Inhalte, die die Links enthalten, die von Benutzern auf der Website enthalten sind, oder f\u00fcr das Vorhandensein von Malware oder \u00c4hnlichem.<\/p>\n<p>Viking Real Estate haftet nicht f\u00fcr Sch\u00e4den jeglicher Art, die auf das Vorhandensein von Malware oder das Vorhandensein anderer Elemente in den Inhalten zur\u00fcckzuf\u00fchren sind, die \u00c4nderungen am Computersystem, an Programmen, elektronischen Dokumenten oder Dateien der Benutzer verursachen k\u00f6nnen.<\/p>\n<p>Viking Real Estate garantiert nicht die Verf\u00fcgbarkeit oder Kontinuit\u00e4t des Dienstes der Website und kann ihn jederzeit ohne vorherige Ank\u00fcndigung \u00e4ndern, aussetzen oder aus dem Internet entfernen.<\/p>\n<p>Der Benutzer h\u00e4lt Viking Real Estate schadlos gegen\u00fcber allen Anspr\u00fcchen, die Ihnen f\u00fcr die Nachrichten, die der Benutzer auf den Webseiten verbreitet hat, oder f\u00fcr andere Verhaltensweisen, die mit der Nutzung der Webseiten durch den Benutzer verbunden oder abgeleitet sind, vorgelegt werden.<\/p>\n<p>Wenn ein Benutzer oder Dritte der Ansicht ist, dass ein auf der Website ver\u00f6ffentlichter Kommentar oder einer ihrer Links rechtswidrig ist, w\u00fcrden wir es begr\u00fc\u00dfen, wenn dies so schnell wie m\u00f6glich an die E-Mail-Adresse dpd @ viking-realestate.com mitgeteilt wird, damit Viking Real Estate mit ihm fortf\u00e4hrt Revision und gegebenenfalls ihre R\u00fccknahme.<\/p>","protected":false},"excerpt":{"rendered":"<p>IDENTIFICATION DATA OF THE OWNER OF THE WEBSITE In compliance with the duty of information, Viking Real Estate as the owner of the website, proceeds to communicate the identification data: Company name: Viking Real Estate VAT Nr: B76689603 Email address : dpd @ viking-realestate.com Address: C.C. Palm Beach, Local N\u00ba 19 Avda. Rafael Puig Lluvina&#8230;<\/p>","protected":false},"author":1,"featured_media":0,"parent":0,"menu_order":0,"comment_status":"closed","ping_status":"closed","template":"","meta":{"footnotes":""},"_links":{"self":[{"href":"https:\/\/viking-realestate.com\/de\/wp-json\/wp\/v2\/pages\/11049"}],"collection":[{"href":"https:\/\/viking-realestate.com\/de\/wp-json\/wp\/v2\/pages"}],"about":[{"href":"https:\/\/viking-realestate.com\/de\/wp-json\/wp\/v2\/types\/page"}],"author":[{"embeddable":true,"href":"https:\/\/viking-realestate.com\/de\/wp-json\/wp\/v2\/users\/1"}],"replies":[{"embeddable":true,"href":"https:\/\/viking-realestate.com\/de\/wp-json\/wp\/v2\/comments?post=11049"}],"version-history":[{"count":1,"href":"https:\/\/viking-realestate.com\/de\/wp-json\/wp\/v2\/pages\/11049\/revisions"}],"predecessor-version":[{"id":11051,"href":"https:\/\/viking-realestate.com\/de\/wp-json\/wp\/v2\/pages\/11049\/revisions\/11051"}],"wp:attachment":[{"href":"https:\/\/viking-realestate.com\/de\/wp-json\/wp\/v2\/media?parent=11049"}],"curies":[{"name":"wp","href":"https:\/\/api.w.org\/{rel}","templated":true}]}}